{"id":9879,"date":"2017-10-03T14:33:13","date_gmt":"2017-10-03T14:33:13","guid":{"rendered":"https:\/\/chatbit.de\/shop\/unser-sortiment\/zertifizierungen\/"},"modified":"2026-03-31T06:38:35","modified_gmt":"2026-03-31T05:38:35","slug":"certificados","status":"publish","type":"page","link":"https:\/\/anakena-cosmetics.cl\/es\/nuestra-linea-de-productos\/certificados\/","title":{"rendered":"Certificados"},"content":{"rendered":"\t\t<div data-elementor-type=\"wp-page\" data-elementor-id=\"9879\" class=\"elementor elementor-9879\" data-elementor-settings=\"{&quot;ha_cmc_init_switcher&quot;:&quot;no&quot;}\" data-elementor-post-type=\"page\">\n\t\t\t\t\t\t<section class=\"elementor-section elementor-top-section elementor-element elementor-element-00f7947 elementor-section-boxed elementor-section-height-default elementor-section-height-default\" data-id=\"00f7947\" data-element_type=\"section\" data-e-type=\"section\" data-settings=\"{&quot;_ha_eqh_enable&quot;:false}\">\n\t\t\t\t\t\t<div class=\"elementor-container elementor-column-gap-default\">\n\t\t\t\t\t<div class=\"elementor-column elementor-col-100 elementor-top-column elementor-element elementor-element-fcb86d6\" data-id=\"fcb86d6\" data-element_type=\"column\" data-e-type=\"column\">\n\t\t\t<div class=\"elementor-widget-wrap elementor-element-populated\">\n\t\t\t\t\t\t<div class=\"elementor-element elementor-element-ea6bfc2 elementor-widget elementor-widget-heading\" data-id=\"ea6bfc2\" data-element_type=\"widget\" data-e-type=\"widget\" data-widget_type=\"heading.default\">\n\t\t\t\t<div class=\"elementor-widget-container\">\n\t\t\t\t\t<h1 class=\"elementor-heading-title elementor-size-default\">CERTIFICADOS<\/h1>\t\t\t\t<\/div>\n\t\t\t\t<\/div>\n\t\t\t\t\t<\/div>\n\t\t<\/div>\n\t\t\t\t\t<\/div>\n\t\t<\/section>\n\t\t\t\t<section class=\"elementor-section elementor-top-section elementor-element elementor-element-78de0544 elementor-reverse-mobile elementor-section-boxed elementor-section-height-default elementor-section-height-default\" data-id=\"78de0544\" data-element_type=\"section\" data-e-type=\"section\" data-settings=\"{&quot;_ha_eqh_enable&quot;:false}\">\n\t\t\t\t\t\t<div class=\"elementor-container elementor-column-gap-wider\">\n\t\t\t\t\t<div class=\"elementor-column elementor-col-100 elementor-top-column elementor-element elementor-element-49fdf936\" data-id=\"49fdf936\" data-element_type=\"column\" data-e-type=\"column\">\n\t\t\t<div class=\"elementor-widget-wrap elementor-element-populated\">\n\t\t\t\t\t\t<section class=\"elementor-section elementor-inner-section elementor-element elementor-element-3e79bc6c elementor-section-boxed elementor-section-height-default elementor-section-height-default\" data-id=\"3e79bc6c\" data-element_type=\"section\" data-e-type=\"section\" data-settings=\"{&quot;_ha_eqh_enable&quot;:false}\">\n\t\t\t\t\t\t<div class=\"elementor-container elementor-column-gap-default\">\n\t\t\t\t\t<div class=\"elementor-column elementor-col-50 elementor-inner-column elementor-element elementor-element-532d9ecc\" data-id=\"532d9ecc\" data-element_type=\"column\" data-e-type=\"column\">\n\t\t\t<div class=\"elementor-widget-wrap elementor-element-populated\">\n\t\t\t\t\t\t<div class=\"elementor-element elementor-element-c181a96 elementor-widget elementor-widget-image\" data-id=\"c181a96\" data-element_type=\"widget\" data-e-type=\"widget\" data-widget_type=\"image.default\">\n\t\t\t\t<div class=\"elementor-widget-container\">\n\t\t\t\t\t\t\t\t\t\t\t\t\t\t\t<img fetchpriority=\"high\" decoding=\"async\" width=\"591\" height=\"557\" src=\"https:\/\/anakena-cosmetics.cl\/wp-content\/uploads\/2020\/04\/logo-chile-positivo-2.jpg\" class=\"attachment-medium_large size-medium_large wp-image-11573\" alt=\"Logo Marca Chile\" srcset=\"https:\/\/anakena-cosmetics.cl\/wp-content\/uploads\/2020\/04\/logo-chile-positivo-2.jpg 591w, https:\/\/anakena-cosmetics.cl\/wp-content\/uploads\/2020\/04\/logo-chile-positivo-2-300x283.jpg 300w\" sizes=\"(max-width: 591px) 100vw, 591px\" \/>\t\t\t\t\t\t\t\t\t\t\t\t\t\t\t<\/div>\n\t\t\t\t<\/div>\n\t\t\t\t\t<\/div>\n\t\t<\/div>\n\t\t\t\t<div class=\"elementor-column elementor-col-50 elementor-inner-column elementor-element elementor-element-4c08aaf5\" data-id=\"4c08aaf5\" data-element_type=\"column\" data-e-type=\"column\">\n\t\t\t<div class=\"elementor-widget-wrap elementor-element-populated\">\n\t\t\t\t\t\t<div class=\"elementor-element elementor-element-b47d39a elementor-widget elementor-widget-text-editor\" data-id=\"b47d39a\" data-element_type=\"widget\" data-e-type=\"widget\" data-widget_type=\"text-editor.default\">\n\t\t\t\t<div class=\"elementor-widget-container\">\n\t\t\t\t\t\t\t\t\t<p>MARCA CHILE<\/p>\t\t\t\t\t\t\t\t<\/div>\n\t\t\t\t<\/div>\n\t\t\t\t<div class=\"elementor-element elementor-element-7bd06f80 elementor-widget elementor-widget-text-editor\" data-id=\"7bd06f80\" data-element_type=\"widget\" data-e-type=\"widget\" data-widget_type=\"text-editor.default\">\n\t\t\t\t<div class=\"elementor-widget-container\">\n\t\t\t\t\t\t\t\t\t<p>Ser embajadores de la Isla de Pascua y de Chile es uno de los mayores orgullos de Anakena \u2013 Natural Cosmetics. Por eso nos complace haber sido incluidos dentro del selecto grupo de productos identificados con la \u201c<span style=\"color: #a08601;\"><a style=\"color: #a08601;\" href=\"https:\/\/www.marcachile.cl\/licenciatarios\/rapa-nui-natural-products\/\" target=\"_blank\" rel=\"noopener\">Marca Chile<\/a><\/span>\u201d, un s\u00edmbolo que reconoce a nuestros cosm\u00e9ticos como productos que potencian y ponen en valor la marca del pa\u00eds.<\/p><p>Marca Pa\u00eds Chile es mucho m\u00e1s que una expresi\u00f3n gr\u00e1fica, es un s\u00edmbolo de lo que significa ser un producto chileno con el fin de fortalecer una identidad \u00fanica y competitiva del pa\u00eds. Es un desaf\u00edo colectivo y una tarea donde la riqueza y diversidad que caracteriza Chile se integran en un s\u00edmbolo que comunica al mundo la vitalidad de todo un pa\u00eds, para abrir a m\u00e1s y mejores oportunidades, principalmente en las \u00e1reas de exportaciones, las inversiones externas y el turismo.<\/p><p>Es un honor para Anakena llevar el sello \u201cMarca Chile\u201d en el packaging de todos nuestros productos.<\/p><p>Para mayor informaci\u00f3n visite la<span style=\"color: #a08601;\"> <a style=\"color: #a08601;\" href=\"https:\/\/marcachile.cl\/\" target=\"_blank\" rel=\"noopener\">p\u00e1gina web de Marca Chile<\/a><\/span>.<\/p>\t\t\t\t\t\t\t\t<\/div>\n\t\t\t\t<\/div>\n\t\t\t\t\t<\/div>\n\t\t<\/div>\n\t\t\t\t\t<\/div>\n\t\t<\/section>\n\t\t\t\t\t<\/div>\n\t\t<\/div>\n\t\t\t\t\t<\/div>\n\t\t<\/section>\n\t\t\t\t<section class=\"elementor-section elementor-top-section elementor-element elementor-element-3f1cb04 elementor-reverse-mobile elementor-section-boxed elementor-section-height-default elementor-section-height-default\" data-id=\"3f1cb04\" data-element_type=\"section\" data-e-type=\"section\" data-settings=\"{&quot;_ha_eqh_enable&quot;:false}\">\n\t\t\t\t\t\t<div class=\"elementor-container elementor-column-gap-wider\">\n\t\t\t\t\t<div class=\"elementor-column elementor-col-100 elementor-top-column elementor-element elementor-element-fcd3d78\" data-id=\"fcd3d78\" data-element_type=\"column\" data-e-type=\"column\">\n\t\t\t<div class=\"elementor-widget-wrap elementor-element-populated\">\n\t\t\t\t\t\t<section class=\"elementor-section elementor-inner-section elementor-element elementor-element-b09cd8e elementor-section-boxed elementor-section-height-default elementor-section-height-default\" data-id=\"b09cd8e\" data-element_type=\"section\" data-e-type=\"section\" data-settings=\"{&quot;_ha_eqh_enable&quot;:false}\">\n\t\t\t\t\t\t<div class=\"elementor-container elementor-column-gap-default\">\n\t\t\t\t\t<div class=\"elementor-column elementor-col-50 elementor-inner-column elementor-element elementor-element-ac5db1c\" data-id=\"ac5db1c\" data-element_type=\"column\" data-e-type=\"column\">\n\t\t\t<div class=\"elementor-widget-wrap elementor-element-populated\">\n\t\t\t\t\t\t<div class=\"elementor-element elementor-element-402594a elementor-hidden-desktop elementor-hidden-tablet elementor-widget elementor-widget-spacer\" data-id=\"402594a\" data-element_type=\"widget\" data-e-type=\"widget\" data-widget_type=\"spacer.default\">\n\t\t\t\t<div class=\"elementor-widget-container\">\n\t\t\t\t\t\t\t<div class=\"elementor-spacer\">\n\t\t\t<div class=\"elementor-spacer-inner\"><\/div>\n\t\t<\/div>\n\t\t\t\t\t\t<\/div>\n\t\t\t\t<\/div>\n\t\t\t\t<div class=\"elementor-element elementor-element-3a3f8c4 elementor-widget elementor-widget-image\" data-id=\"3a3f8c4\" data-element_type=\"widget\" data-e-type=\"widget\" data-widget_type=\"image.default\">\n\t\t\t\t<div class=\"elementor-widget-container\">\n\t\t\t\t\t\t\t\t\t\t\t\t\t\t\t<img decoding=\"async\" src=\"https:\/\/anakena-cosmetics.cl\/wp-content\/uploads\/2021\/03\/LOGO_AO_RECTANGLE_COULEURS.png\" title=\"Appellation d&#8217;Origine\" alt=\"Appellation d&#039;Origine\" loading=\"lazy\" \/>\t\t\t\t\t\t\t\t\t\t\t\t\t\t\t<\/div>\n\t\t\t\t<\/div>\n\t\t\t\t\t<\/div>\n\t\t<\/div>\n\t\t\t\t<div class=\"elementor-column elementor-col-50 elementor-inner-column elementor-element elementor-element-86e5182\" data-id=\"86e5182\" data-element_type=\"column\" data-e-type=\"column\">\n\t\t\t<div class=\"elementor-widget-wrap elementor-element-populated\">\n\t\t\t\t\t\t<div class=\"elementor-element elementor-element-f2eaa49 elementor-widget elementor-widget-text-editor\" data-id=\"f2eaa49\" data-element_type=\"widget\" data-e-type=\"widget\" data-widget_type=\"text-editor.default\">\n\t\t\t\t<div class=\"elementor-widget-container\">\n\t\t\t\t\t\t\t\t\t<p>MONO\u00cf DE TAHITI \u2013 APPELLATION D\u2019ORIGINE<\/p>\t\t\t\t\t\t\t\t<\/div>\n\t\t\t\t<\/div>\n\t\t\t\t<div class=\"elementor-element elementor-element-aba9b3b elementor-widget elementor-widget-text-editor\" data-id=\"aba9b3b\" data-element_type=\"widget\" data-e-type=\"widget\" data-widget_type=\"text-editor.default\">\n\t\t\t\t<div class=\"elementor-widget-container\">\n\t\t\t\t\t\t\t\t\t<p class=\"font-claude-response-body break-words whitespace-normal leading-[1.7]\">El Mono\u00ef de Tahiti es el primer producto cosm\u00e9tico del mundo en recibir una denominaci\u00f3n de origen. El sello Appellation d&#8217;Origine fue establecido por el Decreto franc\u00e9s del 1 de abril de 1992, que define con precisi\u00f3n los est\u00e1ndares de producci\u00f3n, los ingredientes autorizados y el \u00e1rea geogr\u00e1fica de elaboraci\u00f3n \u2014 exclusivamente la Polinesia Francesa.<\/p><p class=\"font-claude-response-body break-words whitespace-normal leading-[1.7]\">Este sello garantiza que el Mono\u00ef ha sido elaborado en Tahiti mediante la maceraci\u00f3n de flores de Tiare Tahiti (Gardenia tahitensis) de origen polinesio en aceite de coco refinado (coprah), siguiendo los procesos tradicionales locales bajo control permanente. Confirma el origen aut\u00e9ntico de sus ingredientes, la calidad de su fabricaci\u00f3n y la trazabilidad de todo el proceso productivo. Puedes consultar el decreto original <a class=\"underline underline underline-offset-2 decoration-1 decoration-current\/40 hover:decoration-current focus:decoration-current\" href=\"https:\/\/www.legifrance.gouv.fr\/jorf\/id\/JORFTEXT000000539285\" target=\"_blank\" rel=\"noopener\"><span style=\"color: #a08601;\">aqu\u00ed<\/span><\/a>.<\/p><p class=\"font-claude-response-body break-words whitespace-normal leading-[1.7]\">Ambos aceites de Mono\u00ef de la l\u00ednea Anakena \u2014 el Mono\u00ef de Tahiti Tiar\u00e9 y el Mono\u00ef de Tahiti Ra&#8217;a Pura-Pura \u2014 cuentan con este sello, que encontrar\u00e1s en la etiqueta del reverso de cada botella. No se trata de un sello exclusivo de Anakena, sino de una denominaci\u00f3n de origen reconocida internacionalmente que aplica a todos los Mono\u00ef elaborados en la Polinesia Francesa bajo estas estrictas condiciones.<\/p>\t\t\t\t\t\t\t\t<\/div>\n\t\t\t\t<\/div>\n\t\t\t\t\t<\/div>\n\t\t<\/div>\n\t\t\t\t\t<\/div>\n\t\t<\/section>\n\t\t\t\t\t<\/div>\n\t\t<\/div>\n\t\t\t\t\t<\/div>\n\t\t<\/section>\n\t\t\t\t<section class=\"elementor-section elementor-top-section elementor-element elementor-element-0e37a13 elementor-reverse-mobile elementor-section-boxed elementor-section-height-default elementor-section-height-default\" data-id=\"0e37a13\" data-element_type=\"section\" data-e-type=\"section\" data-settings=\"{&quot;_ha_eqh_enable&quot;:false}\">\n\t\t\t\t\t\t<div class=\"elementor-container elementor-column-gap-wider\">\n\t\t\t\t\t<div class=\"elementor-column elementor-col-100 elementor-top-column elementor-element elementor-element-7b69552\" data-id=\"7b69552\" data-element_type=\"column\" data-e-type=\"column\">\n\t\t\t<div class=\"elementor-widget-wrap elementor-element-populated\">\n\t\t\t\t\t\t<section class=\"elementor-section elementor-inner-section elementor-element elementor-element-e5eb6f2 elementor-section-boxed elementor-section-height-default elementor-section-height-default\" data-id=\"e5eb6f2\" data-element_type=\"section\" data-e-type=\"section\" data-settings=\"{&quot;_ha_eqh_enable&quot;:false}\">\n\t\t\t\t\t\t<div class=\"elementor-container elementor-column-gap-default\">\n\t\t\t\t\t<div class=\"elementor-column elementor-col-50 elementor-inner-column elementor-element elementor-element-01f0953\" data-id=\"01f0953\" data-element_type=\"column\" data-e-type=\"column\">\n\t\t\t<div class=\"elementor-widget-wrap elementor-element-populated\">\n\t\t\t\t\t\t<div class=\"elementor-element elementor-element-219a4b6 elementor-hidden-desktop elementor-hidden-tablet elementor-widget elementor-widget-spacer\" data-id=\"219a4b6\" data-element_type=\"widget\" data-e-type=\"widget\" data-widget_type=\"spacer.default\">\n\t\t\t\t<div class=\"elementor-widget-container\">\n\t\t\t\t\t\t\t<div class=\"elementor-spacer\">\n\t\t\t<div class=\"elementor-spacer-inner\"><\/div>\n\t\t<\/div>\n\t\t\t\t\t\t<\/div>\n\t\t\t\t<\/div>\n\t\t\t\t<div class=\"elementor-element elementor-element-15d5d41 elementor-widget elementor-widget-image\" data-id=\"15d5d41\" data-element_type=\"widget\" data-e-type=\"widget\" data-widget_type=\"image.default\">\n\t\t\t\t<div class=\"elementor-widget-container\">\n\t\t\t\t\t\t\t\t\t\t\t\t\t\t\t<img decoding=\"async\" width=\"590\" height=\"590\" src=\"https:\/\/anakena-cosmetics.cl\/wp-content\/uploads\/2022\/08\/Logo-sello-R_57768.png\" class=\"attachment-full size-full wp-image-18304\" alt=\"Logo SERNATUR Anakena - Natural Cosmetics\" srcset=\"https:\/\/anakena-cosmetics.cl\/wp-content\/uploads\/2022\/08\/Logo-sello-R_57768.png 590w, https:\/\/anakena-cosmetics.cl\/wp-content\/uploads\/2022\/08\/Logo-sello-R_57768-300x300.png 300w, https:\/\/anakena-cosmetics.cl\/wp-content\/uploads\/2022\/08\/Logo-sello-R_57768-150x150.png 150w, https:\/\/anakena-cosmetics.cl\/wp-content\/uploads\/2022\/08\/Logo-sello-R_57768-12x12.png 12w\" sizes=\"(max-width: 590px) 100vw, 590px\" \/>\t\t\t\t\t\t\t\t\t\t\t\t\t\t\t<\/div>\n\t\t\t\t<\/div>\n\t\t\t\t\t<\/div>\n\t\t<\/div>\n\t\t\t\t<div class=\"elementor-column elementor-col-50 elementor-inner-column elementor-element elementor-element-d32e99b\" data-id=\"d32e99b\" data-element_type=\"column\" data-e-type=\"column\">\n\t\t\t<div class=\"elementor-widget-wrap elementor-element-populated\">\n\t\t\t\t\t\t<div class=\"elementor-element elementor-element-fb6e407 elementor-widget elementor-widget-text-editor\" data-id=\"fb6e407\" data-element_type=\"widget\" data-e-type=\"widget\" data-widget_type=\"text-editor.default\">\n\t\t\t\t<div class=\"elementor-widget-container\">\n\t\t\t\t\t\t\t\t\t<p>SELLO R DE SERNATUR CHILE<\/p>\t\t\t\t\t\t\t\t<\/div>\n\t\t\t\t<\/div>\n\t\t\t\t<div class=\"elementor-element elementor-element-dd0a09e elementor-widget elementor-widget-text-editor\" data-id=\"dd0a09e\" data-element_type=\"widget\" data-e-type=\"widget\" data-widget_type=\"text-editor.default\">\n\t\t\t\t<div class=\"elementor-widget-container\">\n\t\t\t\t\t\t\t\t\t<p>En Anakena estamos comprometidos con ofrecer a nuestros clientes cosm\u00e9ticos de primera calidad que sean dignos embajadores de la belleza y la magia de Isla de Pascua. Por eso nos alegra haber obtenido el <span style=\"color: #a08601;\"><a style=\"color: #a08601;\" href=\"https:\/\/registro.sernatur.cl\/\" target=\"_blank\" rel=\"noopener\">Sello R<\/a><\/span>, concedido por<span style=\"color: #a08601;\"> <a style=\"color: #a08601;\" href=\"https:\/\/serviciosturisticos.sernatur.cl\/40017-anakena---natural-cosmetics\" target=\"_blank\" rel=\"noopener\">Sernatur<\/a> <\/span>Rapa Nui, como un reconocimiento m\u00e1s a nuestro trabajo.<\/p><p>El Sello R es un distintivo concedido por Sernatur a las empresas que ofrecen servicios o productos tur\u00edsticos cumpliendo todos los requisitos legales y garantiza la formalidad y seriedad de las empresas que lo obtienen<\/p><p>La l\u00ednea de productos Anakena es un recuerdo \u00fanico para quien visita Rapa Nui y su aroma lo transportar\u00e1 siempre a la magia de esta isla \u00fanica en el mundo. El Sello R garantiza a nuestros clientes que est\u00e1n comprando un producto local de buena calidad, producido y vendido por una empresa registrada que cumple con los est\u00e1ndares exigidos por las normativas vigentes, incluyendo Sernatur.<\/p>\t\t\t\t\t\t\t\t<\/div>\n\t\t\t\t<\/div>\n\t\t\t\t\t<\/div>\n\t\t<\/div>\n\t\t\t\t\t<\/div>\n\t\t<\/section>\n\t\t\t\t\t<\/div>\n\t\t<\/div>\n\t\t\t\t\t<\/div>\n\t\t<\/section>\n\t\t\t\t<\/div>\n\t\t","protected":false},"excerpt":{"rendered":"<p>CERTIFICADOS MARCA CHILE Ser embajadores de la Isla de Pascua y de Chile es uno de los mayores orgullos de Anakena \u2013 Natural Cosmetics. Por eso nos complace haber sido incluidos dentro del selecto grupo de productos identificados con la \u201cMarca Chile\u201d, un s\u00edmbolo que reconoce a nuestros cosm\u00e9ticos como productos que potencian y ponen [&hellip;]<\/p>\n","protected":false},"author":8,"featured_media":0,"parent":24625,"menu_order":1,"comment_status":"closed","ping_status":"closed","template":"","meta":{"_acf_changed":false,"inline_featured_image":false,"ocean_post_layout":"","ocean_both_sidebars_style":"","ocean_both_sidebars_content_width":0,"ocean_both_sidebars_sidebars_width":0,"ocean_sidebar":"0","ocean_second_sidebar":"0","ocean_disable_margins":"enable","ocean_add_body_class":"","ocean_shortcode_before_top_bar":"","ocean_shortcode_after_top_bar":"","ocean_shortcode_before_header":"","ocean_shortcode_after_header":"","ocean_has_shortcode":"","ocean_shortcode_after_title":"","ocean_shortcode_before_footer_widgets":"","ocean_shortcode_after_footer_widgets":"","ocean_shortcode_before_footer_bottom":"","ocean_shortcode_after_footer_bottom":"","ocean_display_top_bar":"default","ocean_display_header":"default","ocean_header_style":"","ocean_center_header_left_menu":"0","ocean_custom_header_template":"0","ocean_custom_logo":0,"ocean_custom_retina_logo":0,"ocean_custom_logo_max_width":0,"ocean_custom_logo_tablet_max_width":0,"ocean_custom_logo_mobile_max_width":0,"ocean_custom_logo_max_height":0,"ocean_custom_logo_tablet_max_height":0,"ocean_custom_logo_mobile_max_height":0,"ocean_header_custom_menu":"0","ocean_menu_typo_font_family":"0","ocean_menu_typo_font_subset":"","ocean_menu_typo_font_size":0,"ocean_menu_typo_font_size_tablet":0,"ocean_menu_typo_font_size_mobile":0,"ocean_menu_typo_font_size_unit":"px","ocean_menu_typo_font_weight":"","ocean_menu_typo_font_weight_tablet":"","ocean_menu_typo_font_weight_mobile":"","ocean_menu_typo_transform":"","ocean_menu_typo_transform_tablet":"","ocean_menu_typo_transform_mobile":"","ocean_menu_typo_line_height":0,"ocean_menu_typo_line_height_tablet":0,"ocean_menu_typo_line_height_mobile":0,"ocean_menu_typo_line_height_unit":"","ocean_menu_typo_spacing":0,"ocean_menu_typo_spacing_tablet":0,"ocean_menu_typo_spacing_mobile":0,"ocean_menu_typo_spacing_unit":"","ocean_menu_link_color":"","ocean_menu_link_color_hover":"","ocean_menu_link_color_active":"","ocean_menu_link_background":"","ocean_menu_link_hover_background":"","ocean_menu_link_active_background":"","ocean_menu_social_links_bg":"","ocean_menu_social_hover_links_bg":"","ocean_menu_social_links_color":"","ocean_menu_social_hover_links_color":"","ocean_disable_title":"default","ocean_disable_heading":"default","ocean_post_title":"","ocean_post_subheading":"","ocean_post_title_style":"","ocean_post_title_background_color":"","ocean_post_title_background":0,"ocean_post_title_bg_image_position":"","ocean_post_title_bg_image_attachment":"","ocean_post_title_bg_image_repeat":"","ocean_post_title_bg_image_size":"","ocean_post_title_height":0,"ocean_post_title_bg_overlay":0.5,"ocean_post_title_bg_overlay_color":"","ocean_disable_breadcrumbs":"default","ocean_breadcrumbs_color":"","ocean_breadcrumbs_separator_color":"","ocean_breadcrumbs_links_color":"","ocean_breadcrumbs_links_hover_color":"","ocean_display_footer_widgets":"default","ocean_display_footer_bottom":"default","ocean_custom_footer_template":"0","footnotes":""},"class_list":["post-9879","page","type-page","status-publish","hentry","entry"],"acf":[],"amp_enabled":true,"_links":{"self":[{"href":"https:\/\/anakena-cosmetics.cl\/es\/wp-json\/wp\/v2\/pages\/9879","targetHints":{"allow":["GET"]}}],"collection":[{"href":"https:\/\/anakena-cosmetics.cl\/es\/wp-json\/wp\/v2\/pages"}],"about":[{"href":"https:\/\/anakena-cosmetics.cl\/es\/wp-json\/wp\/v2\/types\/page"}],"author":[{"embeddable":true,"href":"https:\/\/anakena-cosmetics.cl\/es\/wp-json\/wp\/v2\/users\/8"}],"replies":[{"embeddable":true,"href":"https:\/\/anakena-cosmetics.cl\/es\/wp-json\/wp\/v2\/comments?post=9879"}],"version-history":[{"count":10,"href":"https:\/\/anakena-cosmetics.cl\/es\/wp-json\/wp\/v2\/pages\/9879\/revisions"}],"predecessor-version":[{"id":27983,"href":"https:\/\/anakena-cosmetics.cl\/es\/wp-json\/wp\/v2\/pages\/9879\/revisions\/27983"}],"up":[{"embeddable":true,"href":"https:\/\/anakena-cosmetics.cl\/es\/wp-json\/wp\/v2\/pages\/24625"}],"wp:attachment":[{"href":"https:\/\/anakena-cosmetics.cl\/es\/wp-json\/wp\/v2\/media?parent=9879"}],"curies":[{"name":"wp","href":"https:\/\/api.w.org\/{rel}","templated":true}]}}