{"id":4630,"date":"2018-09-08T21:16:03","date_gmt":"2018-09-08T21:16:03","guid":{"rendered":"https:\/\/chatbit.de\/shop\/?page_id=4630"},"modified":"2024-07-14T00:16:10","modified_gmt":"2024-07-13T23:16:10","slug":"proteccion-de-datos","status":"publish","type":"page","link":"https:\/\/anakena-cosmetics.cl\/es\/proteccion-de-datos\/","title":{"rendered":"Protecci\u00f3n de Datos"},"content":{"rendered":"\t\t<div data-elementor-type=\"wp-page\" data-elementor-id=\"4630\" class=\"elementor elementor-4630\" data-elementor-settings=\"{&quot;ha_cmc_init_switcher&quot;:&quot;no&quot;}\" data-elementor-post-type=\"page\">\n\t\t\t\t\t\t<section class=\"elementor-section elementor-top-section elementor-element elementor-element-53eafc44 elementor-section-boxed elementor-section-height-default elementor-section-height-default\" data-id=\"53eafc44\" data-element_type=\"section\" data-e-type=\"section\" data-settings=\"{&quot;_ha_eqh_enable&quot;:false}\">\n\t\t\t\t\t\t<div class=\"elementor-container elementor-column-gap-default\">\n\t\t\t\t\t<div class=\"elementor-column elementor-col-100 elementor-top-column elementor-element elementor-element-35f82971\" data-id=\"35f82971\" data-element_type=\"column\" data-e-type=\"column\">\n\t\t\t<div class=\"elementor-widget-wrap elementor-element-populated\">\n\t\t\t\t\t\t<div class=\"elementor-element elementor-element-3b94d95 elementor-widget elementor-widget-heading\" data-id=\"3b94d95\" data-element_type=\"widget\" data-e-type=\"widget\" data-widget_type=\"heading.default\">\n\t\t\t\t<div class=\"elementor-widget-container\">\n\t\t\t\t\t<h1 class=\"elementor-heading-title elementor-size-default\">DECLARACI\u00d3N DE PRIVACIDAD<\/h1>\t\t\t\t<\/div>\n\t\t\t\t<\/div>\n\t\t\t\t\t<\/div>\n\t\t<\/div>\n\t\t\t\t\t<\/div>\n\t\t<\/section>\n\t\t\t\t<section class=\"elementor-section elementor-top-section elementor-element elementor-element-e0f8777 elementor-section-boxed elementor-section-height-default elementor-section-height-default\" data-id=\"e0f8777\" data-element_type=\"section\" data-e-type=\"section\" data-settings=\"{&quot;_ha_eqh_enable&quot;:false}\">\n\t\t\t\t\t\t<div class=\"elementor-container elementor-column-gap-default\">\n\t\t\t\t\t<div class=\"elementor-column elementor-col-50 elementor-top-column elementor-element elementor-element-bef1545 elementor-hidden-mobile\" data-id=\"bef1545\" data-element_type=\"column\" data-e-type=\"column\">\n\t\t\t<div class=\"elementor-widget-wrap elementor-element-populated\">\n\t\t\t\t\t\t<div class=\"elementor-element elementor-element-4932d95 elementor-toc--minimized-on-tablet elementor-widget elementor-widget-table-of-contents\" data-id=\"4932d95\" data-element_type=\"widget\" data-e-type=\"widget\" data-settings=\"{&quot;exclude_headings_by_selector&quot;:[],&quot;headings_by_tags&quot;:[&quot;h2&quot;,&quot;h3&quot;,&quot;h4&quot;,&quot;h5&quot;,&quot;h6&quot;],&quot;marker_view&quot;:&quot;numbers&quot;,&quot;no_headings_message&quot;:&quot;No headings were found on this page.&quot;,&quot;minimize_box&quot;:&quot;yes&quot;,&quot;minimized_on&quot;:&quot;tablet&quot;,&quot;hierarchical_view&quot;:&quot;yes&quot;,&quot;min_height&quot;:{&quot;unit&quot;:&quot;px&quot;,&quot;size&quot;:&quot;&quot;,&quot;sizes&quot;:[]},&quot;min_height_tablet&quot;:{&quot;unit&quot;:&quot;px&quot;,&quot;size&quot;:&quot;&quot;,&quot;sizes&quot;:[]},&quot;min_height_mobile&quot;:{&quot;unit&quot;:&quot;px&quot;,&quot;size&quot;:&quot;&quot;,&quot;sizes&quot;:[]}}\" data-widget_type=\"table-of-contents.default\">\n\t\t\t\t<div class=\"elementor-widget-container\">\n\t\t\t\t\t\t\t\t\t<div class=\"elementor-toc__header\">\n\t\t\t\t\t\t<h2 class=\"elementor-toc__header-title\">\n\t\t\t\t\u00cdndice\t\t\t<\/h2>\n\t\t\t\t\t\t\t\t\t\t<div class=\"elementor-toc__toggle-button elementor-toc__toggle-button--expand\" role=\"button\" tabindex=\"0\" aria-controls=\"elementor-toc__4932d95\" aria-expanded=\"true\" aria-label=\"Open table of contents\"><i aria-hidden=\"true\" class=\"fas fa-chevron-down\"><\/i><\/div>\n\t\t\t\t<div class=\"elementor-toc__toggle-button elementor-toc__toggle-button--collapse\" role=\"button\" tabindex=\"0\" aria-controls=\"elementor-toc__4932d95\" aria-expanded=\"true\" aria-label=\"Close table of contents\"><i aria-hidden=\"true\" class=\"fas fa-chevron-up\"><\/i><\/div>\n\t\t\t\t\t<\/div>\n\t\t\t\t<div id=\"elementor-toc__4932d95\" class=\"elementor-toc__body\">\n\t\t\t<div class=\"elementor-toc__spinner-container\">\n\t\t\t\t<i class=\"elementor-toc__spinner eicon-animation-spin eicon-loading\" aria-hidden=\"true\"><\/i>\t\t\t<\/div>\n\t\t<\/div>\n\t\t\t\t\t\t<\/div>\n\t\t\t\t<\/div>\n\t\t\t\t\t<\/div>\n\t\t<\/div>\n\t\t\t\t<div class=\"elementor-column elementor-col-50 elementor-top-column elementor-element elementor-element-8590fd8\" data-id=\"8590fd8\" data-element_type=\"column\" data-e-type=\"column\">\n\t\t\t<div class=\"elementor-widget-wrap elementor-element-populated\">\n\t\t\t\t\t\t<div class=\"elementor-element elementor-element-7297a7d elementor-widget elementor-widget-text-editor\" data-id=\"7297a7d\" data-element_type=\"widget\" data-e-type=\"widget\" data-widget_type=\"text-editor.default\">\n\t\t\t\t<div class=\"elementor-widget-container\">\n\t\t\t\t\t\t\t\t\t<p style=\"text-align: left;\">RAPA NUI NATURAL PRODUCTS reconoce la importancia de proteger la privacidad de todos los visitantes a sus sitios web. A continuaci\u00f3n le explicamos c\u00f3mo manejamos la informaci\u00f3n que obtenemos sobre usted cuando visita nuestro(s) sitio(s).<\/p><h3 style=\"text-align: left;\"><span style=\"color: #a08601;\">Datos Personales<\/span><\/h3><p style=\"text-align: left;\">Los datos personales son la informaci\u00f3n que advierte sobre su identidad: nombre, direcci\u00f3n, n\u00famero telef\u00f3nico y correo electr\u00f3nico. Nosotros tratamos esa informaci\u00f3n de manera confidencial y solamente guardamos sus datos personales en caso de ser necesario para la tramitaci\u00f3n de su pedido. No entregamos ni vendemos sus datos personales a terceros.<\/p><h3 style=\"text-align: left;\"><span style=\"color: #a08601;\">Datos An\u00f3nimos<\/span><\/h3><p style=\"text-align: left;\">Con su visita a nuestra p\u00e1gina web, tambi\u00e9n se puede registrar informaci\u00f3n sobre el acceso (fecha, hora y p\u00e1gina consultada). Estos datos no pertenecen a la categor\u00eda de datos personales y son an\u00f3nimos. Se usan solamente con fines estad\u00edsticos.<\/p><h3 style=\"text-align: left;\"><span style=\"color: #a08601;\">Uso de Cookies<\/span><\/h3><p style=\"text-align: left;\">El sitio RAPA NUI NATURAL PRODUCTS puede depositar \u201ccookies\u201d en el computador de un visitante. Las cookies son partes de informaci\u00f3n que un sitio web transfiere al disco duro de un particular con el prop\u00f3sito de registrar informaci\u00f3n.<\/p><p style=\"text-align: left;\">Las cookies s\u00f3lo son reenviadas al sitio web que las deposit\u00f3 cuando un visitante vuelve a visitar su sitio. Las cookies tienen como objetivo facilitarle la nueva visita a nuestro sitio web al guardar sus preferencias. Nunca guardamos en las cookies contrase\u00f1as, informaci\u00f3n de tarjetas de cr\u00e9dito u otra informaci\u00f3n personal identificable.<\/p><p style=\"text-align: left;\">En algunas p\u00e1ginas se activan cookies sin que podamos avisarle. La mayor\u00eda de los browsers est\u00e1n configurados de tal forma que aceptan las cookies autom\u00e1ticamente. Sin embargo usted puede desactivar las cookies o ajustar su browser de tal forma que le avise en el momento en que se env\u00edan las cookies.<\/p><p style=\"text-align: left;\">Si tiene cualquier pregunta sobre la confidencialidad de la informaci\u00f3n que usted proporciona a RAPA NUI PRODUCTOS NATURALES EIRL, por favor env\u00edenos un email o ll\u00e1menos.<\/p><p style=\"text-align: left;\">La seguridad en la transmisi\u00f3n de datos a trav\u00e9s de Internet no se puede garantizar completamente. Es posible que terceros, fuera del control de RAPA NUI NATURAL PRODUCTS, puedan ser capaces de tener acceso o interceptar transmisiones o comunicaciones privadas sin nuestro permiso o conocimiento.<\/p><p style=\"text-align: left;\">RAPA NUI NATURAL PRODUCTS toma todas las medidas posibles para proteger su informaci\u00f3n personal. Sin embargo, no podemos asegurar o garantizar de forma absoluta la seguridad de cualquier informaci\u00f3n que usted nos transmita. Por tanto, dichas transmisiones son hechas por su propia cuenta y riesgo.<\/p><p style=\"text-align: left;\">RAPA NUI NATURAL PRODUCTS no ser\u00e1 bajo ninguna circunstancia, y por ninguna causa incluyendo negligencia, responsable de cualquier da\u00f1o o perjuicio directo, secundario o consiguiente, resultante de la trasmisi\u00f3n o del empleo por parte de terceros, de la informaci\u00f3n o materiales de este sitio.<\/p><h3 style=\"text-align: left;\"><span style=\"color: #a08601;\">Pol\u00edtica de Avisos e Informaci\u00f3n de Terceros<\/span><\/h3><p style=\"text-align: left;\">Colocar, enviar o trasmitir a trav\u00e9s de nuestro sitio y\/o direcciones de correo electr\u00f3nico cualquier ilegalidad, amenazas, libelos, esc\u00e1ndalos difamatorios, obscenos, pornogr\u00e1ficos o material profanador, o cualquier material que se pueda constituir en una conducta delictual, est\u00e1 estrictamente prohibido y podr\u00eda ser considerado como una ofensa criminal o una violaci\u00f3n a la ley. RAPA NUI NATURAL PRODUCTS\u00a0 se \u00a0reserva el derecho de tomar las medidas legales necesarias contra dichos actos.<\/p><h3 style=\"text-align: left;\"><span style=\"color: #a08601;\">Limitaci\u00f3n de Responsabilidad<\/span><\/h3><p style=\"text-align: left;\">RAPA NUI NATURAL PRODUCTS EIRL no otorga ning\u00fan tipo de garant\u00eda, expresa o t\u00e1cita, en relaci\u00f3n con la totalidad o parte de su(s) p\u00e1gina(s) web. RAPA NUI NATURAL PRODUCTS EIRL no ser\u00e1 responsable en ning\u00fan caso de ning\u00fan da\u00f1o directo o indirecto, sea cual fuere su naturaleza, derivado de la utilizaci\u00f3n de su p\u00e1gina web.<\/p><p style=\"text-align: left;\">En relaci\u00f3n a la pol\u00edtica de devoluciones de productos, la limitaci\u00f3n de garant\u00eda de responsabilidad se extiende a la informaci\u00f3n, materiales y servicios contenidos en este sitio, incluyendo los gr\u00e1ficos, v\u00ednculos y otros \u00edtems que le proporcionamos a trav\u00e9s de este sitio web. RAPA NUI NATURAL PRODUCTS EIRL no garantiza la exactitud, adecuaci\u00f3n de dicha informaci\u00f3n y materiales y, expresamente queda eximida de responsabilidad legal por cualquier error y\/u omisi\u00f3n en esta informaci\u00f3n y materiales complementarios.<\/p><p style=\"text-align: left;\">En adici\u00f3n, RAPA NUI NATURAL PRODUCTS EIRL no puede garantizar ni se hace responsable por la absoluta seguridad de sus p\u00e1ginas web, ni garantiza que est\u00e9n libres de materiales destructivos, incluyendo pero no limitado a virus de computadores, hackers u otro sabotaje t\u00e9cnico. A su vez, no garantiza que el acceso estar\u00e1 completamente disponible en cualquier momento, todo el tiempo, de manera ininterrumpida o libre de error.<\/p><p style=\"text-align: left;\">RAPA NUI NATURAL PRODUCTS EIRL no ser\u00e1 responsable de nig\u00fan da\u00f1o, incluyendo sin limitaci\u00f3n da\u00f1os directos o indirectos, especiales, incidentales, compensatorios, ejemplificadores o da\u00f1os consecuenciales, p\u00e9rdidas o gastos, incluyendo sin limitaci\u00f3n p\u00e9rdidas u \u00f3rdenes mal dirigidas, p\u00e9rdidas de beneficios, p\u00e9rdidas de registros, p\u00e9rdida de beneficios futuros, o p\u00e9rdidas de otros datos o programas causados fuera o en conexi\u00f3n a (1) sus sitios web, (2) cualquier falla o mal funcionamiento, error, omisi\u00f3n, interrupci\u00f3n, defecto, retraso en la operaci\u00f3n o transmisi\u00f3n, o (3) falla de l\u00ednea o de sistema o, la introducci\u00f3n de virus de computadoras u otros sabotajes t\u00e9cnicos. Incluso, si RAPA NUI COSMETICS.cl, ANAKENA-COSMETICS.cl\u00a0 y\/o RAPANUI-SHOP.com y sus empleados o representantes fuesen avisados de las posibilidades de sabotaje.<\/p><p style=\"text-align: left;\">No se podr\u00e1n crear v\u00ednculos de hipertexto hacia las p\u00e1ginas web de RAPA NUI NATURAL PRODUCTS EIRL sin la autorizaci\u00f3n previa y por escrito de RAPA NUI NATURAL PRODUCTS EIRL. Al tratarse de sitios web que forman parte de World Wide Web (www) y por lo tanto \u00a0est\u00e1n conectados inevitablemente a otras p\u00e1ginas web fuera de su alcance que pueden cambiar en cualquier momento, RAPA NUI NATURAL PRODUCTS EIRL rechaza cualquier responsabilidad relativa a los contenidos de las p\u00e1ginas vinculadas a los sitios web de RAPA NUI NATURAL PRODUCTS EIRL.<\/p><p style=\"text-align: left;\">RAPA NUI NATURAL PRODUCTS EIRL hace todo lo posible para asegurar que la informaci\u00f3n obtenida a trav\u00e9s de sus p\u00e1ginas web sea exacta. No obstante, no garantizamos en modo alguno la exactitud, integridad y actualizaci\u00f3n de dicha informaci\u00f3n. RAPA NUI NATURAL PRODUCTS EIRL se reserva el derecho de corregir cualquier inexactitud o error tipogr\u00e1fico en la informaci\u00f3n puesta en sus sitios web \u00a0y no tiene responsabilidad por tales errores. La informaci\u00f3n puede ser cambiada o actualizada sin notificaci\u00f3n previa. Los precios y la disponibilidad de productos y servicios est\u00e1n sujetos a cambio sin previa comunicaci\u00f3n.<\/p><h3 style=\"text-align: left;\"><span style=\"color: #a08601;\">Subsistencia de Cl\u00e1usulas Accesorias<\/span><\/h3><div style=\"text-align: left;\"><span class=\"gmail_default\">En el caso de que alguna previsi\u00f3n o condici\u00f3n contenida dentro de la presente Declaraci\u00f3n de Privacidad\u00a0sea inv\u00e1lida, inaplicable o no cumpla por alguna raz\u00f3n con los requisitos legales, siempre que no afecte los elementos esenciales de la misma, su invalidez no afectar\u00e1 a las dem\u00e1s estipulaciones contenidas de este documento.<\/span><\/div><div style=\"text-align: left;\">\u00a0<\/div><h3 style=\"text-align: left;\"><span style=\"color: #a08601;\">Derecho Aplicable<\/span><\/h3><p style=\"text-align: left;\">Dado a que RAPA NUI NATURAL PRODUCTS EIRL tiene su sede en Chile, se aplica a ella y a los contratos que suscriba, la ley chilena.<\/p><p style=\"text-align: left;\">EL USO DE ESTE SITIO SIGNIFICA QUE USTED ESTA DE ACUERDO CON NUESTRA POL\u00cdTICA DE PRIVACIDAD.<\/p>\t\t\t\t\t\t\t\t<\/div>\n\t\t\t\t<\/div>\n\t\t\t\t\t<\/div>\n\t\t<\/div>\n\t\t\t\t\t<\/div>\n\t\t<\/section>\n\t\t\t\t<\/div>\n\t\t","protected":false},"excerpt":{"rendered":"<p>DECLARACI\u00d3N DE PRIVACIDAD \u00cdndice RAPA NUI NATURAL PRODUCTS reconoce la importancia de proteger la privacidad de todos los visitantes a sus sitios web. A continuaci\u00f3n le explicamos c\u00f3mo manejamos la informaci\u00f3n que obtenemos sobre usted cuando visita nuestro(s) sitio(s). Datos Personales Los datos personales son la informaci\u00f3n que advierte sobre su identidad: nombre, direcci\u00f3n, n\u00famero [&hellip;]<\/p>\n","protected":false},"author":8,"featured_media":0,"parent":0,"menu_order":0,"comment_status":"closed","ping_status":"closed","template":"","meta":{"_acf_changed":false,"inline_featured_image":false,"ocean_post_layout":"","ocean_both_sidebars_style":"","ocean_both_sidebars_content_width":0,"ocean_both_sidebars_sidebars_width":0,"ocean_sidebar":"0","ocean_second_sidebar":"0","ocean_disable_margins":"enable","ocean_add_body_class":"","ocean_shortcode_before_top_bar":"","ocean_shortcode_after_top_bar":"","ocean_shortcode_before_header":"","ocean_shortcode_after_header":"","ocean_has_shortcode":"","ocean_shortcode_after_title":"","ocean_shortcode_before_footer_widgets":"","ocean_shortcode_after_footer_widgets":"","ocean_shortcode_before_footer_bottom":"","ocean_shortcode_after_footer_bottom":"","ocean_display_top_bar":"default","ocean_display_header":"default","ocean_header_style":"","ocean_center_header_left_menu":"0","ocean_custom_header_template":"0","ocean_custom_logo":0,"ocean_custom_retina_logo":0,"ocean_custom_logo_max_width":0,"ocean_custom_logo_tablet_max_width":0,"ocean_custom_logo_mobile_max_width":0,"ocean_custom_logo_max_height":0,"ocean_custom_logo_tablet_max_height":0,"ocean_custom_logo_mobile_max_height":0,"ocean_header_custom_menu":"0","ocean_menu_typo_font_family":"0","ocean_menu_typo_font_subset":"","ocean_menu_typo_font_size":0,"ocean_menu_typo_font_size_tablet":0,"ocean_menu_typo_font_size_mobile":0,"ocean_menu_typo_font_size_unit":"px","ocean_menu_typo_font_weight":"","ocean_menu_typo_font_weight_tablet":"","ocean_menu_typo_font_weight_mobile":"","ocean_menu_typo_transform":"","ocean_menu_typo_transform_tablet":"","ocean_menu_typo_transform_mobile":"","ocean_menu_typo_line_height":0,"ocean_menu_typo_line_height_tablet":0,"ocean_menu_typo_line_height_mobile":0,"ocean_menu_typo_line_height_unit":"","ocean_menu_typo_spacing":0,"ocean_menu_typo_spacing_tablet":0,"ocean_menu_typo_spacing_mobile":0,"ocean_menu_typo_spacing_unit":"","ocean_menu_link_color":"","ocean_menu_link_color_hover":"","ocean_menu_link_color_active":"","ocean_menu_link_background":"","ocean_menu_link_hover_background":"","ocean_menu_link_active_background":"","ocean_menu_social_links_bg":"","ocean_menu_social_hover_links_bg":"","ocean_menu_social_links_color":"","ocean_menu_social_hover_links_color":"","ocean_disable_title":"default","ocean_disable_heading":"default","ocean_post_title":"","ocean_post_subheading":"","ocean_post_title_style":"","ocean_post_title_background_color":"","ocean_post_title_background":0,"ocean_post_title_bg_image_position":"","ocean_post_title_bg_image_attachment":"","ocean_post_title_bg_image_repeat":"","ocean_post_title_bg_image_size":"","ocean_post_title_height":0,"ocean_post_title_bg_overlay":0.5,"ocean_post_title_bg_overlay_color":"","ocean_disable_breadcrumbs":"default","ocean_breadcrumbs_color":"","ocean_breadcrumbs_separator_color":"","ocean_breadcrumbs_links_color":"","ocean_breadcrumbs_links_hover_color":"","ocean_display_footer_widgets":"default","ocean_display_footer_bottom":"default","ocean_custom_footer_template":"0","footnotes":""},"class_list":["post-4630","page","type-page","status-publish","hentry","entry"],"acf":[],"amp_enabled":true,"_links":{"self":[{"href":"https:\/\/anakena-cosmetics.cl\/es\/wp-json\/wp\/v2\/pages\/4630","targetHints":{"allow":["GET"]}}],"collection":[{"href":"https:\/\/anakena-cosmetics.cl\/es\/wp-json\/wp\/v2\/pages"}],"about":[{"href":"https:\/\/anakena-cosmetics.cl\/es\/wp-json\/wp\/v2\/types\/page"}],"author":[{"embeddable":true,"href":"https:\/\/anakena-cosmetics.cl\/es\/wp-json\/wp\/v2\/users\/8"}],"replies":[{"embeddable":true,"href":"https:\/\/anakena-cosmetics.cl\/es\/wp-json\/wp\/v2\/comments?post=4630"}],"version-history":[{"count":0,"href":"https:\/\/anakena-cosmetics.cl\/es\/wp-json\/wp\/v2\/pages\/4630\/revisions"}],"wp:attachment":[{"href":"https:\/\/anakena-cosmetics.cl\/es\/wp-json\/wp\/v2\/media?parent=4630"}],"curies":[{"name":"wp","href":"https:\/\/api.w.org\/{rel}","templated":true}]}}