{"id":14944,"date":"2021-05-16T00:50:27","date_gmt":"2021-05-15T23:50:27","guid":{"rendered":"https:\/\/anakena-cosmetics.cl\/?page_id=14944"},"modified":"2025-07-06T01:30:18","modified_gmt":"2025-07-06T00:30:18","slug":"prensa-1","status":"publish","type":"page","link":"https:\/\/anakena-cosmetics.cl\/es\/prensa-1\/","title":{"rendered":"Prensa"},"content":{"rendered":"\t\t<div data-elementor-type=\"wp-page\" data-elementor-id=\"14944\" class=\"elementor elementor-14944\" data-elementor-settings=\"{&quot;ha_cmc_init_switcher&quot;:&quot;no&quot;}\" data-elementor-post-type=\"page\">\n\t\t\t\t\t\t<section class=\"elementor-section elementor-top-section elementor-element elementor-element-a8b859e elementor-section-full_width elementor-section-height-default elementor-section-height-default\" data-id=\"a8b859e\" data-element_type=\"section\" data-e-type=\"section\" data-settings=\"{&quot;_ha_eqh_enable&quot;:false}\">\n\t\t\t\t\t\t<div class=\"elementor-container elementor-column-gap-default\">\n\t\t\t\t\t<div class=\"elementor-column elementor-col-100 elementor-top-column elementor-element elementor-element-c538bb4\" data-id=\"c538bb4\" data-element_type=\"column\" data-e-type=\"column\">\n\t\t\t<div class=\"elementor-widget-wrap elementor-element-populated\">\n\t\t\t\t\t\t<div class=\"elementor-element elementor-element-a4e10a6 elementor-widget elementor-widget-heading\" data-id=\"a4e10a6\" data-element_type=\"widget\" data-e-type=\"widget\" data-widget_type=\"heading.default\">\n\t\t\t\t<div class=\"elementor-widget-container\">\n\t\t\t\t\t<h1 class=\"elementor-heading-title elementor-size-default\">PRENSA<\/h1>\t\t\t\t<\/div>\n\t\t\t\t<\/div>\n\t\t\t\t\t<\/div>\n\t\t<\/div>\n\t\t\t\t\t<\/div>\n\t\t<\/section>\n\t\t\t\t<section class=\"elementor-section elementor-top-section elementor-element elementor-element-2a52006 elementor-section-content-middle elementor-section-boxed elementor-section-height-default elementor-section-height-default\" data-id=\"2a52006\" data-element_type=\"section\" data-e-type=\"section\" data-settings=\"{&quot;_ha_eqh_enable&quot;:false}\">\n\t\t\t\t\t\t<div class=\"elementor-container elementor-column-gap-no\">\n\t\t\t\t\t<div class=\"elementor-column elementor-col-33 elementor-top-column elementor-element elementor-element-13c6503c\" data-id=\"13c6503c\" data-element_type=\"column\" data-e-type=\"column\">\n\t\t\t<div class=\"elementor-widget-wrap elementor-element-populated\">\n\t\t\t\t\t\t<div class=\"elementor-element elementor-element-4d1e1064 elementor-widget elementor-widget-heading\" data-id=\"4d1e1064\" data-element_type=\"widget\" data-e-type=\"widget\" data-widget_type=\"heading.default\">\n\t\t\t\t<div class=\"elementor-widget-container\">\n\t\t\t\t\t<h3 class=\"elementor-heading-title elementor-size-default\"><a href=\"https:\/\/bit.ly\/2SQnjBn\" rel=\"noopener\">las \u00faltimas noticias<\/a><\/h3>\t\t\t\t<\/div>\n\t\t\t\t<\/div>\n\t\t\t\t<div class=\"elementor-element elementor-element-36fee9e2 elementor-widget-divider--view-line elementor-widget elementor-widget-divider\" data-id=\"36fee9e2\" data-element_type=\"widget\" data-e-type=\"widget\" data-widget_type=\"divider.default\">\n\t\t\t\t<div class=\"elementor-widget-container\">\n\t\t\t\t\t\t\t<div class=\"elementor-divider\">\n\t\t\t<span class=\"elementor-divider-separator\">\n\t\t\t\t\t\t<\/span>\n\t\t<\/div>\n\t\t\t\t\t\t<\/div>\n\t\t\t\t<\/div>\n\t\t\t\t\t<\/div>\n\t\t<\/div>\n\t\t\t\t<div class=\"elementor-column elementor-col-33 elementor-top-column elementor-element elementor-element-1ea4e7bb\" data-id=\"1ea4e7bb\" data-element_type=\"column\" data-e-type=\"column\">\n\t\t\t<div class=\"elementor-widget-wrap elementor-element-populated\">\n\t\t\t\t\t\t<div class=\"elementor-element elementor-element-137d28fb elementor-widget elementor-widget-image\" data-id=\"137d28fb\" data-element_type=\"widget\" data-e-type=\"widget\" data-widget_type=\"image.default\">\n\t\t\t\t<div class=\"elementor-widget-container\">\n\t\t\t\t\t\t\t\t\t\t\t\t\t\t\t<img fetchpriority=\"high\" decoding=\"async\" width=\"815\" height=\"1024\" src=\"https:\/\/anakena-cosmetics.cl\/wp-content\/uploads\/2021\/05\/LUCPR17LU1105_768-815x1024.jpg\" class=\"elementor-animation-grow attachment-large size-large wp-image-15032\" alt=\"Las ultimas noticias Anakena\" srcset=\"https:\/\/anakena-cosmetics.cl\/wp-content\/uploads\/2021\/05\/LUCPR17LU1105_768-815x1024.jpg 815w, https:\/\/anakena-cosmetics.cl\/wp-content\/uploads\/2021\/05\/LUCPR17LU1105_768-239x300.jpg 239w, https:\/\/anakena-cosmetics.cl\/wp-content\/uploads\/2021\/05\/LUCPR17LU1105_768-768x965.jpg 768w, https:\/\/anakena-cosmetics.cl\/wp-content\/uploads\/2021\/05\/LUCPR17LU1105_768.jpg 1150w\" sizes=\"(max-width: 815px) 100vw, 815px\" \/>\t\t\t\t\t\t\t\t\t\t\t\t\t\t\t<\/div>\n\t\t\t\t<\/div>\n\t\t\t\t<div class=\"elementor-element elementor-element-29d41ad9 elementor-widget elementor-widget-text-editor\" data-id=\"29d41ad9\" data-element_type=\"widget\" data-e-type=\"widget\" data-widget_type=\"text-editor.default\">\n\t\t\t\t<div class=\"elementor-widget-container\">\n\t\t\t\t\t\t\t\t\t<p style=\"text-align: center;\"><span style=\"color: #a08601; font-size: 14pt;\"><a style=\"color: #a08601;\" href=\"https:\/\/bit.ly\/2SQnjBn\" target=\"_blank\" rel=\"noopener\">Las \u00daltimas Noticias<\/a><\/span><br \/>11 Mayo 2021<\/p>\t\t\t\t\t\t\t\t<\/div>\n\t\t\t\t<\/div>\n\t\t\t\t\t<\/div>\n\t\t<\/div>\n\t\t\t\t<div class=\"elementor-column elementor-col-33 elementor-top-column elementor-element elementor-element-296c7504 elementor-hidden-mobile\" data-id=\"296c7504\" data-element_type=\"column\" data-e-type=\"column\">\n\t\t\t<div class=\"elementor-widget-wrap elementor-element-populated\">\n\t\t\t\t\t\t<div class=\"elementor-element elementor-element-3975b40a elementor-widget elementor-widget-image\" data-id=\"3975b40a\" data-element_type=\"widget\" data-e-type=\"widget\" data-widget_type=\"image.default\">\n\t\t\t\t<div class=\"elementor-widget-container\">\n\t\t\t\t\t\t\t\t\t\t\t\t\t\t\t<img decoding=\"async\" width=\"812\" height=\"1033\" src=\"https:\/\/anakena-cosmetics.cl\/wp-content\/uploads\/2021\/05\/LUCPR17LU1105_768_Artikel.jpg\" class=\"elementor-animation-grow attachment-full size-full wp-image-15037\" alt=\"Las ultimas noticias Anakena\" srcset=\"https:\/\/anakena-cosmetics.cl\/wp-content\/uploads\/2021\/05\/LUCPR17LU1105_768_Artikel.jpg 812w, https:\/\/anakena-cosmetics.cl\/wp-content\/uploads\/2021\/05\/LUCPR17LU1105_768_Artikel-236x300.jpg 236w, https:\/\/anakena-cosmetics.cl\/wp-content\/uploads\/2021\/05\/LUCPR17LU1105_768_Artikel-805x1024.jpg 805w, https:\/\/anakena-cosmetics.cl\/wp-content\/uploads\/2021\/05\/LUCPR17LU1105_768_Artikel-768x977.jpg 768w\" sizes=\"(max-width: 812px) 100vw, 812px\" \/>\t\t\t\t\t\t\t\t\t\t\t\t\t\t\t<\/div>\n\t\t\t\t<\/div>\n\t\t\t\t\t<\/div>\n\t\t<\/div>\n\t\t\t\t\t<\/div>\n\t\t<\/section>\n\t\t\t\t<section class=\"elementor-section elementor-top-section elementor-element elementor-element-1c82764 elementor-section-content-middle elementor-section-boxed elementor-section-height-default elementor-section-height-default\" data-id=\"1c82764\" data-element_type=\"section\" data-e-type=\"section\" data-settings=\"{&quot;_ha_eqh_enable&quot;:false}\">\n\t\t\t\t\t\t<div class=\"elementor-container elementor-column-gap-no\">\n\t\t\t\t\t<div class=\"elementor-column elementor-col-33 elementor-top-column elementor-element elementor-element-6bffc43\" data-id=\"6bffc43\" data-element_type=\"column\" data-e-type=\"column\">\n\t\t\t<div class=\"elementor-widget-wrap elementor-element-populated\">\n\t\t\t\t\t\t<div class=\"elementor-element elementor-element-de90e37 elementor-widget elementor-widget-heading\" data-id=\"de90e37\" data-element_type=\"widget\" data-e-type=\"widget\" data-widget_type=\"heading.default\">\n\t\t\t\t<div class=\"elementor-widget-container\">\n\t\t\t\t\t<h3 class=\"elementor-heading-title elementor-size-default\"><a href=\"https:\/\/bit.ly\/3olF0V5\" rel=\"noopener\">Diario Concepci\u00f3n<\/a><\/h3>\t\t\t\t<\/div>\n\t\t\t\t<\/div>\n\t\t\t\t<div class=\"elementor-element elementor-element-e9856a7 elementor-widget-divider--view-line elementor-widget elementor-widget-divider\" data-id=\"e9856a7\" data-element_type=\"widget\" data-e-type=\"widget\" data-widget_type=\"divider.default\">\n\t\t\t\t<div class=\"elementor-widget-container\">\n\t\t\t\t\t\t\t<div class=\"elementor-divider\">\n\t\t\t<span class=\"elementor-divider-separator\">\n\t\t\t\t\t\t<\/span>\n\t\t<\/div>\n\t\t\t\t\t\t<\/div>\n\t\t\t\t<\/div>\n\t\t\t\t\t<\/div>\n\t\t<\/div>\n\t\t\t\t<div class=\"elementor-column elementor-col-33 elementor-top-column elementor-element elementor-element-223ba62\" data-id=\"223ba62\" data-element_type=\"column\" data-e-type=\"column\">\n\t\t\t<div class=\"elementor-widget-wrap elementor-element-populated\">\n\t\t\t\t\t\t<div class=\"elementor-element elementor-element-108a31b elementor-widget elementor-widget-image\" data-id=\"108a31b\" data-element_type=\"widget\" data-e-type=\"widget\" data-widget_type=\"image.default\">\n\t\t\t\t<div class=\"elementor-widget-container\">\n\t\t\t\t\t\t\t\t\t\t\t\t\t\t\t<img decoding=\"async\" width=\"766\" height=\"736\" src=\"https:\/\/anakena-cosmetics.cl\/wp-content\/uploads\/2021\/05\/Diario-Concpecion-05_2021.jpg\" class=\"elementor-animation-grow attachment-large size-large wp-image-15023\" alt=\"Diario Concpeci\u00f3n Anakena Rapa Nui Natural Products\" srcset=\"https:\/\/anakena-cosmetics.cl\/wp-content\/uploads\/2021\/05\/Diario-Concpecion-05_2021.jpg 766w, https:\/\/anakena-cosmetics.cl\/wp-content\/uploads\/2021\/05\/Diario-Concpecion-05_2021-300x288.jpg 300w\" sizes=\"(max-width: 766px) 100vw, 766px\" \/>\t\t\t\t\t\t\t\t\t\t\t\t\t\t\t<\/div>\n\t\t\t\t<\/div>\n\t\t\t\t<div class=\"elementor-element elementor-element-0260d46 elementor-widget elementor-widget-text-editor\" data-id=\"0260d46\" data-element_type=\"widget\" data-e-type=\"widget\" data-widget_type=\"text-editor.default\">\n\t\t\t\t<div class=\"elementor-widget-container\">\n\t\t\t\t\t\t\t\t\t<p style=\"text-align: center;\"><span style=\"color: #a08601; font-size: 14pt;\"><a style=\"color: #a08601;\" href=\"https:\/\/bit.ly\/3olF0V5\" target=\"_blank\" rel=\"noopener\">Diario Concepci\u00f3n<\/a><\/span><br \/>17 Mayo 2021<\/p>\t\t\t\t\t\t\t\t<\/div>\n\t\t\t\t<\/div>\n\t\t\t\t\t<\/div>\n\t\t<\/div>\n\t\t\t\t<div class=\"elementor-column elementor-col-33 elementor-top-column elementor-element elementor-element-0f2edc3\" data-id=\"0f2edc3\" data-element_type=\"column\" data-e-type=\"column\">\n\t\t\t<div class=\"elementor-widget-wrap elementor-element-populated\">\n\t\t\t\t\t\t<div class=\"elementor-element elementor-element-7129c0f elementor-widget elementor-widget-image\" data-id=\"7129c0f\" data-element_type=\"widget\" data-e-type=\"widget\" data-widget_type=\"image.default\">\n\t\t\t\t<div class=\"elementor-widget-container\">\n\t\t\t\t\t\t\t\t\t\t\t\t\t\t\t<img loading=\"lazy\" decoding=\"async\" width=\"1080\" height=\"1080\" src=\"https:\/\/anakena-cosmetics.cl\/wp-content\/uploads\/2021\/05\/Diario-Concepcion_texto.png\" class=\"elementor-animation-grow attachment-full size-full wp-image-15027\" alt=\"Diario Concepcion_Rapa Nui Natural Products\" srcset=\"https:\/\/anakena-cosmetics.cl\/wp-content\/uploads\/2021\/05\/Diario-Concepcion_texto.png 1080w, https:\/\/anakena-cosmetics.cl\/wp-content\/uploads\/2021\/05\/Diario-Concepcion_texto-300x300.png 300w, https:\/\/anakena-cosmetics.cl\/wp-content\/uploads\/2021\/05\/Diario-Concepcion_texto-1024x1024.png 1024w, https:\/\/anakena-cosmetics.cl\/wp-content\/uploads\/2021\/05\/Diario-Concepcion_texto-150x150.png 150w, https:\/\/anakena-cosmetics.cl\/wp-content\/uploads\/2021\/05\/Diario-Concepcion_texto-768x768.png 768w\" sizes=\"(max-width: 1080px) 100vw, 1080px\" \/>\t\t\t\t\t\t\t\t\t\t\t\t\t\t\t<\/div>\n\t\t\t\t<\/div>\n\t\t\t\t\t<\/div>\n\t\t<\/div>\n\t\t\t\t\t<\/div>\n\t\t<\/section>\n\t\t\t\t<section class=\"elementor-section elementor-top-section elementor-element elementor-element-97ceadb elementor-section-content-middle elementor-section-boxed elementor-section-height-default elementor-section-height-default\" data-id=\"97ceadb\" data-element_type=\"section\" data-e-type=\"section\" data-settings=\"{&quot;_ha_eqh_enable&quot;:false}\">\n\t\t\t\t\t\t<div class=\"elementor-container elementor-column-gap-no\">\n\t\t\t\t\t<div class=\"elementor-column elementor-col-33 elementor-top-column elementor-element elementor-element-cb9b872\" data-id=\"cb9b872\" data-element_type=\"column\" data-e-type=\"column\">\n\t\t\t<div class=\"elementor-widget-wrap elementor-element-populated\">\n\t\t\t\t\t\t<div class=\"elementor-element elementor-element-8ddbc9e elementor-widget elementor-widget-heading\" data-id=\"8ddbc9e\" data-element_type=\"widget\" data-e-type=\"widget\" data-widget_type=\"heading.default\">\n\t\t\t\t<div class=\"elementor-widget-container\">\n\t\t\t\t\t<h3 class=\"elementor-heading-title elementor-size-default\"><a href=\"https:\/\/bit.ly\/3olF0V5\" rel=\"noopener\">PAULA<\/a><\/h3>\t\t\t\t<\/div>\n\t\t\t\t<\/div>\n\t\t\t\t<div class=\"elementor-element elementor-element-94a0495 elementor-widget-divider--view-line elementor-widget elementor-widget-divider\" data-id=\"94a0495\" data-element_type=\"widget\" data-e-type=\"widget\" data-widget_type=\"divider.default\">\n\t\t\t\t<div class=\"elementor-widget-container\">\n\t\t\t\t\t\t\t<div class=\"elementor-divider\">\n\t\t\t<span class=\"elementor-divider-separator\">\n\t\t\t\t\t\t<\/span>\n\t\t<\/div>\n\t\t\t\t\t\t<\/div>\n\t\t\t\t<\/div>\n\t\t\t\t\t<\/div>\n\t\t<\/div>\n\t\t\t\t<div class=\"elementor-column elementor-col-33 elementor-top-column elementor-element elementor-element-e30aa1f\" data-id=\"e30aa1f\" data-element_type=\"column\" data-e-type=\"column\">\n\t\t\t<div class=\"elementor-widget-wrap elementor-element-populated\">\n\t\t\t\t\t\t<div class=\"elementor-element elementor-element-87eba1e elementor-widget elementor-widget-image\" data-id=\"87eba1e\" data-element_type=\"widget\" data-e-type=\"widget\" data-widget_type=\"image.default\">\n\t\t\t\t<div class=\"elementor-widget-container\">\n\t\t\t\t\t\t\t\t\t\t\t\t\t\t\t<img loading=\"lazy\" decoding=\"async\" width=\"776\" height=\"1024\" src=\"https:\/\/anakena-cosmetics.cl\/wp-content\/uploads\/2022\/11\/Revista-Paula-Cover-05_2017-776x1024.jpg\" class=\"elementor-animation-grow attachment-large size-large wp-image-19388\" alt=\"Revista Paula Cover 05_2017\" srcset=\"https:\/\/anakena-cosmetics.cl\/wp-content\/uploads\/2022\/11\/Revista-Paula-Cover-05_2017-776x1024.jpg 776w, https:\/\/anakena-cosmetics.cl\/wp-content\/uploads\/2022\/11\/Revista-Paula-Cover-05_2017-227x300.jpg 227w, https:\/\/anakena-cosmetics.cl\/wp-content\/uploads\/2022\/11\/Revista-Paula-Cover-05_2017-768x1013.jpg 768w, https:\/\/anakena-cosmetics.cl\/wp-content\/uploads\/2022\/11\/Revista-Paula-Cover-05_2017-1164x1536.jpg 1164w, https:\/\/anakena-cosmetics.cl\/wp-content\/uploads\/2022\/11\/Revista-Paula-Cover-05_2017-1552x2048.jpg 1552w, https:\/\/anakena-cosmetics.cl\/wp-content\/uploads\/2022\/11\/Revista-Paula-Cover-05_2017-9x12.jpg 9w, https:\/\/anakena-cosmetics.cl\/wp-content\/uploads\/2022\/11\/Revista-Paula-Cover-05_2017.jpg 1800w\" sizes=\"(max-width: 776px) 100vw, 776px\" \/>\t\t\t\t\t\t\t\t\t\t\t\t\t\t\t<\/div>\n\t\t\t\t<\/div>\n\t\t\t\t<div class=\"elementor-element elementor-element-41e9484 elementor-widget elementor-widget-text-editor\" data-id=\"41e9484\" data-element_type=\"widget\" data-e-type=\"widget\" data-widget_type=\"text-editor.default\">\n\t\t\t\t<div class=\"elementor-widget-container\">\n\t\t\t\t\t\t\t\t\t<p style=\"text-align: center;\"><span style=\"color: #a08601; font-size: 14pt;\">PAULA<\/span><br \/>Mayo 2017<\/p>\t\t\t\t\t\t\t\t<\/div>\n\t\t\t\t<\/div>\n\t\t\t\t\t<\/div>\n\t\t<\/div>\n\t\t\t\t<div class=\"elementor-column elementor-col-33 elementor-top-column elementor-element elementor-element-3d8d85f\" data-id=\"3d8d85f\" data-element_type=\"column\" data-e-type=\"column\">\n\t\t\t<div class=\"elementor-widget-wrap elementor-element-populated\">\n\t\t\t\t\t\t<div class=\"elementor-element elementor-element-4046167 elementor-widget elementor-widget-image\" data-id=\"4046167\" data-element_type=\"widget\" data-e-type=\"widget\" data-widget_type=\"image.default\">\n\t\t\t\t<div class=\"elementor-widget-container\">\n\t\t\t\t\t\t\t\t\t\t\t\t\t\t\t<img loading=\"lazy\" decoding=\"async\" width=\"1990\" height=\"2560\" src=\"https:\/\/anakena-cosmetics.cl\/wp-content\/uploads\/2022\/11\/Revista-Paula-articulo-05_2017-scaled.jpg\" class=\"elementor-animation-grow attachment-full size-full wp-image-19389\" alt=\"Revista Paula articulo 05_2017\" srcset=\"https:\/\/anakena-cosmetics.cl\/wp-content\/uploads\/2022\/11\/Revista-Paula-articulo-05_2017-scaled.jpg 1990w, https:\/\/anakena-cosmetics.cl\/wp-content\/uploads\/2022\/11\/Revista-Paula-articulo-05_2017-233x300.jpg 233w, https:\/\/anakena-cosmetics.cl\/wp-content\/uploads\/2022\/11\/Revista-Paula-articulo-05_2017-796x1024.jpg 796w, https:\/\/anakena-cosmetics.cl\/wp-content\/uploads\/2022\/11\/Revista-Paula-articulo-05_2017-768x988.jpg 768w, https:\/\/anakena-cosmetics.cl\/wp-content\/uploads\/2022\/11\/Revista-Paula-articulo-05_2017-1194x1536.jpg 1194w, https:\/\/anakena-cosmetics.cl\/wp-content\/uploads\/2022\/11\/Revista-Paula-articulo-05_2017-1592x2048.jpg 1592w, https:\/\/anakena-cosmetics.cl\/wp-content\/uploads\/2022\/11\/Revista-Paula-articulo-05_2017-9x12.jpg 9w\" sizes=\"(max-width: 1990px) 100vw, 1990px\" \/>\t\t\t\t\t\t\t\t\t\t\t\t\t\t\t<\/div>\n\t\t\t\t<\/div>\n\t\t\t\t<div class=\"elementor-element elementor-element-89d185f elementor-widget elementor-widget-image\" data-id=\"89d185f\" data-element_type=\"widget\" data-e-type=\"widget\" data-widget_type=\"image.default\">\n\t\t\t\t<div class=\"elementor-widget-container\">\n\t\t\t\t\t\t\t\t\t\t\t\t\t\t\t\t<a href=\"https:\/\/anakena-cosmetics.cl\/wp-content\/uploads\/2022\/11\/Revista-Paula-Ausschnitt-neu-05_2017.png\" data-elementor-open-lightbox=\"yes\" data-elementor-lightbox-title=\"Revista Paula 05_2017\" data-e-action-hash=\"#elementor-action%3Aaction%3Dlightbox%26settings%3DeyJpZCI6MTk0MDksInVybCI6Imh0dHBzOlwvXC9hbmFrZW5hLWNvc21ldGljcy5jbFwvd3AtY29udGVudFwvdXBsb2Fkc1wvMjAyMlwvMTFcL1JldmlzdGEtUGF1bGEtQXVzc2Nobml0dC1uZXUtMDVfMjAxNy5wbmcifQ%3D%3D\">\n\t\t\t\t\t\t\t<img loading=\"lazy\" decoding=\"async\" width=\"940\" height=\"788\" src=\"https:\/\/anakena-cosmetics.cl\/wp-content\/uploads\/2022\/11\/Revista-Paula-Ausschnitt-neu-05_2017.png\" class=\"attachment-large size-large wp-image-19409\" alt=\"Revista Paula 05_2017\" srcset=\"https:\/\/anakena-cosmetics.cl\/wp-content\/uploads\/2022\/11\/Revista-Paula-Ausschnitt-neu-05_2017.png 940w, https:\/\/anakena-cosmetics.cl\/wp-content\/uploads\/2022\/11\/Revista-Paula-Ausschnitt-neu-05_2017-300x251.png 300w, https:\/\/anakena-cosmetics.cl\/wp-content\/uploads\/2022\/11\/Revista-Paula-Ausschnitt-neu-05_2017-768x644.png 768w, https:\/\/anakena-cosmetics.cl\/wp-content\/uploads\/2022\/11\/Revista-Paula-Ausschnitt-neu-05_2017-14x12.png 14w\" sizes=\"(max-width: 940px) 100vw, 940px\" \/>\t\t\t\t\t\t\t\t<\/a>\n\t\t\t\t\t\t\t\t\t\t\t\t\t\t\t<\/div>\n\t\t\t\t<\/div>\n\t\t\t\t\t<\/div>\n\t\t<\/div>\n\t\t\t\t\t<\/div>\n\t\t<\/section>\n\t\t\t\t<section class=\"elementor-section elementor-top-section elementor-element elementor-element-b1f32f0 elementor-section-boxed elementor-section-height-default elementor-section-height-default\" data-id=\"b1f32f0\" data-element_type=\"section\" data-e-type=\"section\" data-settings=\"{&quot;_ha_eqh_enable&quot;:false}\">\n\t\t\t\t\t\t<div class=\"elementor-container elementor-column-gap-default\">\n\t\t\t\t\t<div class=\"elementor-column elementor-col-100 elementor-top-column elementor-element elementor-element-7adc6e21\" data-id=\"7adc6e21\" data-element_type=\"column\" data-e-type=\"column\">\n\t\t\t<div class=\"elementor-widget-wrap elementor-element-populated\">\n\t\t\t\t\t\t<div class=\"elementor-element elementor-element-7a8d5585 elementor-widget elementor-widget-heading\" data-id=\"7a8d5585\" data-element_type=\"widget\" data-e-type=\"widget\" data-widget_type=\"heading.default\">\n\t\t\t\t<div class=\"elementor-widget-container\">\n\t\t\t\t\t<h2 class=\"elementor-heading-title elementor-size-default\">informaci\u00f3n para MEDIOS DE COMUNICACI\u00d3N<\/h2>\t\t\t\t<\/div>\n\t\t\t\t<\/div>\n\t\t\t\t\t<\/div>\n\t\t<\/div>\n\t\t\t\t\t<\/div>\n\t\t<\/section>\n\t\t\t\t<section class=\"elementor-section elementor-top-section elementor-element elementor-element-f0d6e2e elementor-section-boxed elementor-section-height-default elementor-section-height-default\" data-id=\"f0d6e2e\" data-element_type=\"section\" data-e-type=\"section\" data-settings=\"{&quot;_ha_eqh_enable&quot;:false}\">\n\t\t\t\t\t\t<div class=\"elementor-container elementor-column-gap-default\">\n\t\t\t\t\t<div class=\"elementor-column elementor-col-100 elementor-top-column elementor-element elementor-element-ab7460a\" data-id=\"ab7460a\" data-element_type=\"column\" data-e-type=\"column\">\n\t\t\t<div class=\"elementor-widget-wrap elementor-element-populated\">\n\t\t\t\t\t\t<div class=\"elementor-element elementor-element-531d7f69 elementor-widget elementor-widget-text-editor\" data-id=\"531d7f69\" data-element_type=\"widget\" data-e-type=\"widget\" data-widget_type=\"text-editor.default\">\n\t\t\t\t<div class=\"elementor-widget-container\">\n\t\t\t\t\t\t\t\t\t<p style=\"text-align: center;\">Nos alegra poder estar en contacto con las personas y los medios que contribuyen a dar a conocer ANAKENA. Nuestro \u00e9xito depende fundamentalmente de ello.<\/p><p style=\"text-align: center;\">Por eso, si pertenece a alg\u00fan medio de comunicaci\u00f3n y tiene alguna pregunta sobre la empresa, quiere saber m\u00e1s sobre nuestra marca o necesita m\u00e1s material informativo, estaremos encantados de ayudarle personalmente.<\/p><p style=\"text-align: center;\">Esperamos su <a href=\"https:\/\/anakena-cosmetics.cl\/contacto\/\" target=\"_blank\" rel=\"noopener\"><span style=\"color: #cdaa58;\">mensaje o llamada<\/span><\/a>.<\/p><p style=\"text-align: center;\">Responderemos r\u00e1pidamente a sus consultas. Estamos siempre abiertos a cooperaciones.<\/p>\t\t\t\t\t\t\t\t<\/div>\n\t\t\t\t<\/div>\n\t\t\t\t\t<\/div>\n\t\t<\/div>\n\t\t\t\t\t<\/div>\n\t\t<\/section>\n\t\t\t\t<\/div>\n\t\t","protected":false},"excerpt":{"rendered":"<p>PRENSA las \u00faltimas noticias Las \u00daltimas Noticias11 Mayo 2021 Diario Concepci\u00f3n Diario Concepci\u00f3n17 Mayo 2021 PAULA PAULAMayo 2017 informaci\u00f3n para MEDIOS DE COMUNICACI\u00d3N Nos alegra poder estar en contacto con las personas y los medios que contribuyen a dar a conocer ANAKENA. Nuestro \u00e9xito depende fundamentalmente de ello. Por eso, si pertenece a alg\u00fan medio [&hellip;]<\/p>\n","protected":false},"author":8,"featured_media":0,"parent":0,"menu_order":0,"comment_status":"closed","ping_status":"closed","template":"","meta":{"_acf_changed":false,"inline_featured_image":false,"ocean_post_layout":"","ocean_both_sidebars_style":"","ocean_both_sidebars_content_width":0,"ocean_both_sidebars_sidebars_width":0,"ocean_sidebar":"0","ocean_second_sidebar":"0","ocean_disable_margins":"enable","ocean_add_body_class":"","ocean_shortcode_before_top_bar":"","ocean_shortcode_after_top_bar":"","ocean_shortcode_before_header":"","ocean_shortcode_after_header":"","ocean_has_shortcode":"","ocean_shortcode_after_title":"","ocean_shortcode_before_footer_widgets":"","ocean_shortcode_after_footer_widgets":"","ocean_shortcode_before_footer_bottom":"","ocean_shortcode_after_footer_bottom":"","ocean_display_top_bar":"default","ocean_display_header":"default","ocean_header_style":"","ocean_center_header_left_menu":"0","ocean_custom_header_template":"0","ocean_custom_logo":0,"ocean_custom_retina_logo":0,"ocean_custom_logo_max_width":0,"ocean_custom_logo_tablet_max_width":0,"ocean_custom_logo_mobile_max_width":0,"ocean_custom_logo_max_height":0,"ocean_custom_logo_tablet_max_height":0,"ocean_custom_logo_mobile_max_height":0,"ocean_header_custom_menu":"0","ocean_menu_typo_font_family":"0","ocean_menu_typo_font_subset":"","ocean_menu_typo_font_size":0,"ocean_menu_typo_font_size_tablet":0,"ocean_menu_typo_font_size_mobile":0,"ocean_menu_typo_font_size_unit":"px","ocean_menu_typo_font_weight":"","ocean_menu_typo_font_weight_tablet":"","ocean_menu_typo_font_weight_mobile":"","ocean_menu_typo_transform":"","ocean_menu_typo_transform_tablet":"","ocean_menu_typo_transform_mobile":"","ocean_menu_typo_line_height":0,"ocean_menu_typo_line_height_tablet":0,"ocean_menu_typo_line_height_mobile":0,"ocean_menu_typo_line_height_unit":"","ocean_menu_typo_spacing":0,"ocean_menu_typo_spacing_tablet":0,"ocean_menu_typo_spacing_mobile":0,"ocean_menu_typo_spacing_unit":"","ocean_menu_link_color":"","ocean_menu_link_color_hover":"","ocean_menu_link_color_active":"","ocean_menu_link_background":"","ocean_menu_link_hover_background":"","ocean_menu_link_active_background":"","ocean_menu_social_links_bg":"","ocean_menu_social_hover_links_bg":"","ocean_menu_social_links_color":"","ocean_menu_social_hover_links_color":"","ocean_disable_title":"default","ocean_disable_heading":"default","ocean_post_title":"","ocean_post_subheading":"","ocean_post_title_style":"","ocean_post_title_background_color":"","ocean_post_title_background":0,"ocean_post_title_bg_image_position":"","ocean_post_title_bg_image_attachment":"","ocean_post_title_bg_image_repeat":"","ocean_post_title_bg_image_size":"","ocean_post_title_height":0,"ocean_post_title_bg_overlay":0.5,"ocean_post_title_bg_overlay_color":"","ocean_disable_breadcrumbs":"default","ocean_breadcrumbs_color":"","ocean_breadcrumbs_separator_color":"","ocean_breadcrumbs_links_color":"","ocean_breadcrumbs_links_hover_color":"","ocean_display_footer_widgets":"default","ocean_display_footer_bottom":"default","ocean_custom_footer_template":"0","footnotes":""},"class_list":["post-14944","page","type-page","status-publish","hentry","entry"],"acf":[],"amp_enabled":true,"_links":{"self":[{"href":"https:\/\/anakena-cosmetics.cl\/es\/wp-json\/wp\/v2\/pages\/14944","targetHints":{"allow":["GET"]}}],"collection":[{"href":"https:\/\/anakena-cosmetics.cl\/es\/wp-json\/wp\/v2\/pages"}],"about":[{"href":"https:\/\/anakena-cosmetics.cl\/es\/wp-json\/wp\/v2\/types\/page"}],"author":[{"embeddable":true,"href":"https:\/\/anakena-cosmetics.cl\/es\/wp-json\/wp\/v2\/users\/8"}],"replies":[{"embeddable":true,"href":"https:\/\/anakena-cosmetics.cl\/es\/wp-json\/wp\/v2\/comments?post=14944"}],"version-history":[{"count":3,"href":"https:\/\/anakena-cosmetics.cl\/es\/wp-json\/wp\/v2\/pages\/14944\/revisions"}],"predecessor-version":[{"id":24999,"href":"https:\/\/anakena-cosmetics.cl\/es\/wp-json\/wp\/v2\/pages\/14944\/revisions\/24999"}],"wp:attachment":[{"href":"https:\/\/anakena-cosmetics.cl\/es\/wp-json\/wp\/v2\/media?parent=14944"}],"curies":[{"name":"wp","href":"https:\/\/api.w.org\/{rel}","templated":true}]}}