{"id":12052,"date":"2020-04-29T00:18:25","date_gmt":"2020-04-28T23:18:25","guid":{"rendered":"https:\/\/anakena-cosmetics.cl\/?page_id=12052"},"modified":"2025-09-02T18:11:15","modified_gmt":"2025-09-02T17:11:15","slug":"filosofia","status":"publish","type":"page","link":"https:\/\/anakena-cosmetics.cl\/es\/descubrenos\/filosofia\/","title":{"rendered":"Filosof\u00eda"},"content":{"rendered":"\t\t<div data-elementor-type=\"wp-page\" data-elementor-id=\"12052\" class=\"elementor elementor-12052\" data-elementor-settings=\"{&quot;ha_cmc_init_switcher&quot;:&quot;no&quot;}\" data-elementor-post-type=\"page\">\n\t\t\t\t\t\t<section class=\"elementor-section elementor-top-section elementor-element elementor-element-76bd0f1 elementor-section-boxed elementor-section-height-default elementor-section-height-default\" data-id=\"76bd0f1\" data-element_type=\"section\" data-e-type=\"section\" data-settings=\"{&quot;_ha_eqh_enable&quot;:false}\">\n\t\t\t\t\t\t<div class=\"elementor-container elementor-column-gap-default\">\n\t\t\t\t\t<div class=\"elementor-column elementor-col-100 elementor-top-column elementor-element elementor-element-3a4ae67\" data-id=\"3a4ae67\" data-element_type=\"column\" data-e-type=\"column\">\n\t\t\t<div class=\"elementor-widget-wrap elementor-element-populated\">\n\t\t\t\t\t\t<div class=\"elementor-element elementor-element-692df4d elementor-widget elementor-widget-heading\" data-id=\"692df4d\" data-element_type=\"widget\" data-e-type=\"widget\" data-widget_type=\"heading.default\">\n\t\t\t\t<div class=\"elementor-widget-container\">\n\t\t\t\t\t<h1 class=\"elementor-heading-title elementor-size-default\">NUESTRA FILOSOF\u00cdA<\/h1>\t\t\t\t<\/div>\n\t\t\t\t<\/div>\n\t\t\t\t\t<\/div>\n\t\t<\/div>\n\t\t\t\t\t<\/div>\n\t\t<\/section>\n\t\t\t\t<section class=\"elementor-section elementor-top-section elementor-element elementor-element-4bb3f85b elementor-section-boxed elementor-section-height-default elementor-section-height-default\" data-id=\"4bb3f85b\" data-element_type=\"section\" data-e-type=\"section\" data-settings=\"{&quot;_ha_eqh_enable&quot;:false}\">\n\t\t\t\t\t\t<div class=\"elementor-container elementor-column-gap-default\">\n\t\t\t\t\t<div class=\"elementor-column elementor-col-100 elementor-top-column elementor-element elementor-element-61b6a624\" data-id=\"61b6a624\" data-element_type=\"column\" data-e-type=\"column\">\n\t\t\t<div class=\"elementor-widget-wrap elementor-element-populated\">\n\t\t\t\t\t\t<div class=\"elementor-element elementor-element-2617accb elementor-invisible elementor-widget elementor-widget-heading\" data-id=\"2617accb\" data-element_type=\"widget\" data-e-type=\"widget\" data-settings=\"{&quot;_animation&quot;:&quot;zoomIn&quot;}\" data-widget_type=\"heading.default\">\n\t\t\t\t<div class=\"elementor-widget-container\">\n\t\t\t\t\t<h2 class=\"elementor-heading-title elementor-size-default\">S\u00e9 \u00fanica<\/h2>\t\t\t\t<\/div>\n\t\t\t\t<\/div>\n\t\t\t\t<div class=\"elementor-element elementor-element-218b7e2c animated-slow elementor-invisible elementor-widget elementor-widget-text-editor\" data-id=\"218b7e2c\" data-element_type=\"widget\" data-e-type=\"widget\" data-settings=\"{&quot;_animation&quot;:&quot;lightSpeedIn&quot;}\" data-widget_type=\"text-editor.default\">\n\t\t\t\t<div class=\"elementor-widget-container\">\n\t\t\t\t\t\t\t\t\t<p>La verdadera belleza es la belleza interior.<\/p>\t\t\t\t\t\t\t\t<\/div>\n\t\t\t\t<\/div>\n\t\t\t\t\t<\/div>\n\t\t<\/div>\n\t\t\t\t\t<\/div>\n\t\t<\/section>\n\t\t\t\t<section class=\"elementor-section elementor-top-section elementor-element elementor-element-0dece6d elementor-section-boxed elementor-section-height-default elementor-section-height-default\" data-id=\"0dece6d\" data-element_type=\"section\" data-e-type=\"section\" data-settings=\"{&quot;_ha_eqh_enable&quot;:false}\">\n\t\t\t\t\t\t<div class=\"elementor-container elementor-column-gap-default\">\n\t\t\t\t\t<div class=\"elementor-column elementor-col-100 elementor-top-column elementor-element elementor-element-5412e06\" data-id=\"5412e06\" data-element_type=\"column\" data-e-type=\"column\">\n\t\t\t<div class=\"elementor-widget-wrap elementor-element-populated\">\n\t\t\t\t\t\t<div class=\"elementor-element elementor-element-d65ebd9 elementor-widget elementor-widget-text-editor\" data-id=\"d65ebd9\" data-element_type=\"widget\" data-e-type=\"widget\" data-widget_type=\"text-editor.default\">\n\t\t\t\t<div class=\"elementor-widget-container\">\n\t\t\t\t\t\t\t\t\t<p>Anakena \u2013 Natural Cosmetics es una \u201cindie brand\u201d, es decir una marca independiente nacida de un sue\u00f1o que va m\u00e1s all\u00e1 de la cosm\u00e9tica. Nuestro objetivo es llevar a nuestros clientes productos creados y producidos desde el amor y el respeto por las personas, pero tambi\u00e9n por el medio ambiente, los animales y todo aquello cuanto nos rodea.<\/p>\t\t\t\t\t\t\t\t<\/div>\n\t\t\t\t<\/div>\n\t\t\t\t\t<\/div>\n\t\t<\/div>\n\t\t\t\t\t<\/div>\n\t\t<\/section>\n\t\t\t\t<section class=\"elementor-section elementor-top-section elementor-element elementor-element-6121b87 elementor-hidden-mobile elementor-section-boxed elementor-section-height-default elementor-section-height-default\" data-id=\"6121b87\" data-element_type=\"section\" data-e-type=\"section\" data-settings=\"{&quot;_ha_eqh_enable&quot;:false}\">\n\t\t\t\t\t\t<div class=\"elementor-container elementor-column-gap-default\">\n\t\t\t\t\t<div class=\"elementor-column elementor-col-100 elementor-top-column elementor-element elementor-element-3a044ec\" data-id=\"3a044ec\" data-element_type=\"column\" data-e-type=\"column\">\n\t\t\t<div class=\"elementor-widget-wrap elementor-element-populated\">\n\t\t\t\t\t\t<div class=\"elementor-element elementor-element-f48e0bb elementor-widget elementor-widget-text-editor\" data-id=\"f48e0bb\" data-element_type=\"widget\" data-e-type=\"widget\" data-widget_type=\"text-editor.default\">\n\t\t\t\t<div class=\"elementor-widget-container\">\n\t\t\t\t\t\t\t\t\t<p style=\"text-align: center;\"><span style=\"color: #a08601;\">\u00abEstamos convencidos de que la belleza que de verdad importa es la que sale de nuestro interior y mantiene nuestro esp\u00edritu en equilibrio y serenidad. Y esto s\u00f3lo se logra manteni\u00e9ndonos en armon\u00eda con la naturaleza y con el mundo a nuestro alrededor.\u00bb<\/span><\/p>\t\t\t\t\t\t\t\t<\/div>\n\t\t\t\t<\/div>\n\t\t\t\t\t<\/div>\n\t\t<\/div>\n\t\t\t\t\t<\/div>\n\t\t<\/section>\n\t\t\t\t<section class=\"elementor-section elementor-top-section elementor-element elementor-element-2e49991 elementor-hidden-desktop elementor-hidden-tablet elementor-section-boxed elementor-section-height-default elementor-section-height-default\" data-id=\"2e49991\" data-element_type=\"section\" data-e-type=\"section\" data-settings=\"{&quot;_ha_eqh_enable&quot;:false}\">\n\t\t\t\t\t\t<div class=\"elementor-container elementor-column-gap-default\">\n\t\t\t\t\t<div class=\"elementor-column elementor-col-100 elementor-top-column elementor-element elementor-element-1aedcbb\" data-id=\"1aedcbb\" data-element_type=\"column\" data-e-type=\"column\">\n\t\t\t<div class=\"elementor-widget-wrap elementor-element-populated\">\n\t\t\t\t\t\t<div class=\"elementor-element elementor-element-91d4d54 elementor-widget elementor-widget-text-editor\" data-id=\"91d4d54\" data-element_type=\"widget\" data-e-type=\"widget\" data-widget_type=\"text-editor.default\">\n\t\t\t\t<div class=\"elementor-widget-container\">\n\t\t\t\t\t\t\t\t\t<p style=\"text-align: center;\"><span style=\"color: #a08601;\">\u00abEstamos convencidos de que la belleza que de verdad importa es la que sale de nuestro interior y mantiene nuestro esp\u00edritu en equilibrio y serenidad. Y esto s\u00f3lo se logra manteni\u00e9ndonos en armon\u00eda con la naturaleza y con el mundo a nuestro alrededor.\u00bb<\/span><\/p>\t\t\t\t\t\t\t\t<\/div>\n\t\t\t\t<\/div>\n\t\t\t\t\t<\/div>\n\t\t<\/div>\n\t\t\t\t\t<\/div>\n\t\t<\/section>\n\t\t\t\t<section class=\"elementor-section elementor-top-section elementor-element elementor-element-63c4ef2 elementor-section-boxed elementor-section-height-default elementor-section-height-default\" data-id=\"63c4ef2\" data-element_type=\"section\" data-e-type=\"section\" data-settings=\"{&quot;_ha_eqh_enable&quot;:false}\">\n\t\t\t\t\t\t<div class=\"elementor-container elementor-column-gap-default\">\n\t\t\t\t\t<div class=\"elementor-column elementor-col-100 elementor-top-column elementor-element elementor-element-ff661b5\" data-id=\"ff661b5\" data-element_type=\"column\" data-e-type=\"column\">\n\t\t\t<div class=\"elementor-widget-wrap elementor-element-populated\">\n\t\t\t\t\t\t<div class=\"elementor-element elementor-element-322ba35 elementor-widget elementor-widget-text-editor\" data-id=\"322ba35\" data-element_type=\"widget\" data-e-type=\"widget\" data-widget_type=\"text-editor.default\">\n\t\t\t\t<div class=\"elementor-widget-container\">\n\t\t\t\t\t\t\t\t\t<p>Por supuesto sabemos que es importante cuidar tambi\u00e9n nuestra \u201cenvoltura exterior\u201d y por eso dise\u00f1amos productos pensados para proteger, hidratar y nutrir la piel y el cabello, pero siempre elaborados cuidando esa armon\u00eda.<\/p><p>Los cosm\u00e9ticos Anakena est\u00e1n pensados para formar parte de su vida de manera cotidiana. No le prometemos la \u201cjuventud eterna\u201d si usa nuestros productos, pero s\u00ed que le ayudaremos a cuidar su cuerpo de la manera m\u00e1s natural posible. Estamos convencidos de que cada etapa de la vida es hermosa y est\u00e1 llena de bendiciones. La juventud, la madurez y la vejez forman parte del ciclo de la vida y deben ser vividas plenamente y con gratitud.<\/p><p>En un momento en que las prisas y el estr\u00e9s parecen dominar cada d\u00eda de nuestras vidas, queremos que Anakena se convierta en una invitaci\u00f3n al descanso, a la relajaci\u00f3n y al bienestar, creando para usted momentos de tranquilidad e introspecci\u00f3n y dejado en su mente una sensaci\u00f3n de paz.<\/p><p>Nuestro objetivo es que cada uno de nuestros cosm\u00e9ticos sea tambi\u00e9n un v\u00ednculo entre usted y esa maravillosa isla llamada Rapa Nui, cuyas riquezas naturales y sensuales aromas son nuestra fuente de inspiraci\u00f3n. Queremos que Anakena lleve a su hogar parte de la esencia y de la m\u00e1gica energ\u00eda de este lugar \u00fanico en el mundo.<\/p><p>Det\u00e9ngase, respire profundo, sienta las maravillas que le rodean y descubra todo el valor que encierra en su interior.\u00a0<br \/>\u00c1mese y ac\u00e9ptese tal como es y as\u00ed conseguir\u00e1 amar y aceptar a los dem\u00e1s y encontrar el verdadero sentido de la vida.<\/p>\t\t\t\t\t\t\t\t<\/div>\n\t\t\t\t<\/div>\n\t\t\t\t\t<\/div>\n\t\t<\/div>\n\t\t\t\t\t<\/div>\n\t\t<\/section>\n\t\t\t\t<section class=\"elementor-section elementor-top-section elementor-element elementor-element-9bdebae elementor-section-boxed elementor-section-height-default elementor-section-height-default\" data-id=\"9bdebae\" data-element_type=\"section\" data-e-type=\"section\" data-settings=\"{&quot;_ha_eqh_enable&quot;:false}\">\n\t\t\t\t\t\t<div class=\"elementor-container elementor-column-gap-default\">\n\t\t\t\t\t<div class=\"elementor-column elementor-col-100 elementor-top-column elementor-element elementor-element-da7aed1\" data-id=\"da7aed1\" data-element_type=\"column\" data-e-type=\"column\">\n\t\t\t<div class=\"elementor-widget-wrap elementor-element-populated\">\n\t\t\t\t\t\t<div class=\"elementor-element elementor-element-966839e elementor-widget elementor-widget-image\" data-id=\"966839e\" data-element_type=\"widget\" data-e-type=\"widget\" data-widget_type=\"image.default\">\n\t\t\t\t<div class=\"elementor-widget-container\">\n\t\t\t\t\t\t\t\t\t\t\t\t\t\t\t<img fetchpriority=\"high\" decoding=\"async\" width=\"1024\" height=\"702\" src=\"https:\/\/anakena-cosmetics.cl\/wp-content\/uploads\/2020\/05\/shutterstock_51435433_freigestellt-1024x702.png\" class=\"attachment-large size-large wp-image-12538\" alt=\"\" srcset=\"https:\/\/anakena-cosmetics.cl\/wp-content\/uploads\/2020\/05\/shutterstock_51435433_freigestellt-1024x702.png 1024w, https:\/\/anakena-cosmetics.cl\/wp-content\/uploads\/2020\/05\/shutterstock_51435433_freigestellt-300x206.png 300w, https:\/\/anakena-cosmetics.cl\/wp-content\/uploads\/2020\/05\/shutterstock_51435433_freigestellt-768x527.png 768w, https:\/\/anakena-cosmetics.cl\/wp-content\/uploads\/2020\/05\/shutterstock_51435433_freigestellt-1536x1053.png 1536w, https:\/\/anakena-cosmetics.cl\/wp-content\/uploads\/2020\/05\/shutterstock_51435433_freigestellt.png 1772w\" sizes=\"(max-width: 1024px) 100vw, 1024px\" \/>\t\t\t\t\t\t\t\t\t\t\t\t\t\t\t<\/div>\n\t\t\t\t<\/div>\n\t\t\t\t\t<\/div>\n\t\t<\/div>\n\t\t\t\t\t<\/div>\n\t\t<\/section>\n\t\t\t\t<\/div>\n\t\t","protected":false},"excerpt":{"rendered":"<p>NUESTRA FILOSOF\u00cdA S\u00e9 \u00fanica La verdadera belleza es la belleza interior. Anakena \u2013 Natural Cosmetics es una \u201cindie brand\u201d, es decir una marca independiente nacida de un sue\u00f1o que va m\u00e1s all\u00e1 de la cosm\u00e9tica. Nuestro objetivo es llevar a nuestros clientes productos creados y producidos desde el amor y el respeto por las personas, [&hellip;]<\/p>\n","protected":false},"author":8,"featured_media":0,"parent":9874,"menu_order":0,"comment_status":"closed","ping_status":"closed","template":"","meta":{"_acf_changed":false,"inline_featured_image":false,"ocean_post_layout":"","ocean_both_sidebars_style":"","ocean_both_sidebars_content_width":0,"ocean_both_sidebars_sidebars_width":0,"ocean_sidebar":"0","ocean_second_sidebar":"0","ocean_disable_margins":"enable","ocean_add_body_class":"","ocean_shortcode_before_top_bar":"","ocean_shortcode_after_top_bar":"","ocean_shortcode_before_header":"","ocean_shortcode_after_header":"","ocean_has_shortcode":"","ocean_shortcode_after_title":"","ocean_shortcode_before_footer_widgets":"","ocean_shortcode_after_footer_widgets":"","ocean_shortcode_before_footer_bottom":"","ocean_shortcode_after_footer_bottom":"","ocean_display_top_bar":"default","ocean_display_header":"default","ocean_header_style":"","ocean_center_header_left_menu":"0","ocean_custom_header_template":"0","ocean_custom_logo":0,"ocean_custom_retina_logo":0,"ocean_custom_logo_max_width":0,"ocean_custom_logo_tablet_max_width":0,"ocean_custom_logo_mobile_max_width":0,"ocean_custom_logo_max_height":0,"ocean_custom_logo_tablet_max_height":0,"ocean_custom_logo_mobile_max_height":0,"ocean_header_custom_menu":"0","ocean_menu_typo_font_family":"0","ocean_menu_typo_font_subset":"","ocean_menu_typo_font_size":0,"ocean_menu_typo_font_size_tablet":0,"ocean_menu_typo_font_size_mobile":0,"ocean_menu_typo_font_size_unit":"px","ocean_menu_typo_font_weight":"","ocean_menu_typo_font_weight_tablet":"","ocean_menu_typo_font_weight_mobile":"","ocean_menu_typo_transform":"","ocean_menu_typo_transform_tablet":"","ocean_menu_typo_transform_mobile":"","ocean_menu_typo_line_height":0,"ocean_menu_typo_line_height_tablet":0,"ocean_menu_typo_line_height_mobile":0,"ocean_menu_typo_line_height_unit":"","ocean_menu_typo_spacing":0,"ocean_menu_typo_spacing_tablet":0,"ocean_menu_typo_spacing_mobile":0,"ocean_menu_typo_spacing_unit":"","ocean_menu_link_color":"","ocean_menu_link_color_hover":"","ocean_menu_link_color_active":"","ocean_menu_link_background":"","ocean_menu_link_hover_background":"","ocean_menu_link_active_background":"","ocean_menu_social_links_bg":"","ocean_menu_social_hover_links_bg":"","ocean_menu_social_links_color":"","ocean_menu_social_hover_links_color":"","ocean_disable_title":"default","ocean_disable_heading":"default","ocean_post_title":"","ocean_post_subheading":"","ocean_post_title_style":"","ocean_post_title_background_color":"","ocean_post_title_background":0,"ocean_post_title_bg_image_position":"","ocean_post_title_bg_image_attachment":"","ocean_post_title_bg_image_repeat":"","ocean_post_title_bg_image_size":"","ocean_post_title_height":0,"ocean_post_title_bg_overlay":0.5,"ocean_post_title_bg_overlay_color":"","ocean_disable_breadcrumbs":"default","ocean_breadcrumbs_color":"","ocean_breadcrumbs_separator_color":"","ocean_breadcrumbs_links_color":"","ocean_breadcrumbs_links_hover_color":"","ocean_display_footer_widgets":"default","ocean_display_footer_bottom":"default","ocean_custom_footer_template":"0","footnotes":""},"class_list":["post-12052","page","type-page","status-publish","hentry","entry"],"acf":[],"amp_enabled":true,"_links":{"self":[{"href":"https:\/\/anakena-cosmetics.cl\/es\/wp-json\/wp\/v2\/pages\/12052","targetHints":{"allow":["GET"]}}],"collection":[{"href":"https:\/\/anakena-cosmetics.cl\/es\/wp-json\/wp\/v2\/pages"}],"about":[{"href":"https:\/\/anakena-cosmetics.cl\/es\/wp-json\/wp\/v2\/types\/page"}],"author":[{"embeddable":true,"href":"https:\/\/anakena-cosmetics.cl\/es\/wp-json\/wp\/v2\/users\/8"}],"replies":[{"embeddable":true,"href":"https:\/\/anakena-cosmetics.cl\/es\/wp-json\/wp\/v2\/comments?post=12052"}],"version-history":[{"count":42,"href":"https:\/\/anakena-cosmetics.cl\/es\/wp-json\/wp\/v2\/pages\/12052\/revisions"}],"predecessor-version":[{"id":25987,"href":"https:\/\/anakena-cosmetics.cl\/es\/wp-json\/wp\/v2\/pages\/12052\/revisions\/25987"}],"up":[{"embeddable":true,"href":"https:\/\/anakena-cosmetics.cl\/es\/wp-json\/wp\/v2\/pages\/9874"}],"wp:attachment":[{"href":"https:\/\/anakena-cosmetics.cl\/es\/wp-json\/wp\/v2\/media?parent=12052"}],"curies":[{"name":"wp","href":"https:\/\/api.w.org\/{rel}","templated":true}]}}